{"id":32620,"date":"2024-12-12T11:51:31","date_gmt":"2024-12-12T10:51:31","guid":{"rendered":"https:\/\/www.apiacademy.es\/?post_type=product&#038;p=32620"},"modified":"2026-03-03T12:57:43","modified_gmt":"2026-03-03T11:57:43","slug":"gestio-documental-immobiliaria","status":"publish","type":"product","link":"https:\/\/www.apiacademy.es\/es\/producto\/gestio-documental-immobiliaria\/","title":{"rendered":"Gesti\u00f3n documental inmobiliaria"},"content":{"rendered":"<p>El curso de Gesti\u00f3n Documental Inmobiliaria capacita en la eficiente administraci\u00f3n de documentos relacionados con bienes inmuebles. El programa incluye una introducci\u00f3n a la legislaci\u00f3n aplicable en el sector inmobiliario, abordando normativas clave sobre contratos y propiedad. Tambi\u00e9n se ense\u00f1a la preparaci\u00f3n del expediente para gestionar escrituras, contratos de compraventa o arrendamiento y licencias.<\/p>\n<p>Se detalla la importancia de la nota de encargo como documento fundamental para formalizar operaciones, as\u00ed como la correcta documentaci\u00f3n y organizaci\u00f3n de archivos f\u00edsicos y digitales. Por \u00faltimo, el curso cubre las mejores pr\u00e1cticas para la redacci\u00f3n de documentos, garantizando su validez legal y claridad en transacciones inmobiliarias.<\/p>\n<p>&nbsp;<\/p>\n<p>&nbsp;<\/p>","protected":false},"excerpt":{"rendered":"<p>El curs de Gesti\u00f3 Documental Immobili\u00e0ria capacita en l&#8217;administraci\u00f3 eficient de documents relacionats amb b\u00e9ns immobles. El programa inclou una introducci\u00f3 a la legislaci\u00f3 aplicable al sector immobiliari, abordant normatives clau sobre contractes i propietat. Tamb\u00e9 s&#8217;ensenya la preparaci\u00f3 de l&#8217;expedient per gestionar escriptures, contractes de compravenda o arrendament i llic\u00e8ncies. Es detalla la import\u00e0ncia [&hellip;]<\/p>","protected":false},"featured_media":29093,"template":"","meta":[],"product_cat":[319,345],"product_tag":[],"oferta-formativa":[273],"tipologia_de_curs":[],"modalitat_de_curs":[],"destacado":[],"class_list":{"0":"post-32620","1":"product","2":"type-product","3":"status-publish","4":"has-post-thumbnail","6":"product_cat-actualitzacio-i-perfeccionament","7":"product_cat-fonaments-api","8":"pa_tipus-de-formacio-online","9":"oferta-formativa-juridic-i-fiscal","11":"first","12":"outofstock","13":"sold-individually","14":"product-type-variable"},"_links":{"self":[{"href":"https:\/\/www.apiacademy.es\/es\/wp-json\/wp\/v2\/product\/32620"}],"collection":[{"href":"https:\/\/www.apiacademy.es\/es\/wp-json\/wp\/v2\/product"}],"about":[{"href":"https:\/\/www.apiacademy.es\/es\/wp-json\/wp\/v2\/types\/product"}],"version-history":[{"count":11,"href":"https:\/\/www.apiacademy.es\/es\/wp-json\/wp\/v2\/product\/32620\/revisions"}],"predecessor-version":[{"id":75836,"href":"https:\/\/www.apiacademy.es\/es\/wp-json\/wp\/v2\/product\/32620\/revisions\/75836"}],"wp:featuredmedia":[{"embeddable":true,"href":"https:\/\/www.apiacademy.es\/es\/wp-json\/wp\/v2\/media\/29093"}],"wp:attachment":[{"href":"https:\/\/www.apiacademy.es\/es\/wp-json\/wp\/v2\/media?parent=32620"}],"wp:term":[{"taxonomy":"product_cat","embeddable":true,"href":"https:\/\/www.apiacademy.es\/es\/wp-json\/wp\/v2\/product_cat?post=32620"},{"taxonomy":"product_tag","embeddable":true,"href":"https:\/\/www.apiacademy.es\/es\/wp-json\/wp\/v2\/product_tag?post=32620"},{"taxonomy":"oferta-formativa","embeddable":true,"href":"https:\/\/www.apiacademy.es\/es\/wp-json\/wp\/v2\/oferta-formativa?post=32620"},{"taxonomy":"tipologia_de_curs","embeddable":true,"href":"https:\/\/www.apiacademy.es\/es\/wp-json\/wp\/v2\/tipologia_de_curs?post=32620"},{"taxonomy":"modalitat_de_curs","embeddable":true,"href":"https:\/\/www.apiacademy.es\/es\/wp-json\/wp\/v2\/modalitat_de_curs?post=32620"},{"taxonomy":"destacado","embeddable":true,"href":"https:\/\/www.apiacademy.es\/es\/wp-json\/wp\/v2\/destacado?post=32620"}],"curies":[{"name":"wp","href":"https:\/\/api.w.org\/{rel}","templated":true}]}}