{"id":32610,"date":"2024-12-12T11:51:29","date_gmt":"2024-12-12T10:51:29","guid":{"rendered":"https:\/\/www.apiacademy.es\/?post_type=product&#038;p=32610"},"modified":"2026-03-16T22:43:11","modified_gmt":"2026-03-16T21:43:11","slug":"els-basics-de-la-valoracio-taller-practic","status":"publish","type":"product","link":"https:\/\/www.apiacademy.es\/es\/producto\/els-basics-de-la-valoracio-taller-practic\/","title":{"rendered":"Los b\u00e1sicos de la valoraci\u00f3n. Taller pr\u00e1ctico"},"content":{"rendered":"<p>Cu\u00e1ntas veces has pensado que la teor\u00eda de las valoraciones est\u00e1 muy bien pero que la tuya necesitas empezar por el principio, que la tuya necesitas conocer las cosas m\u00e1s b\u00e1sicas y ponerlas en pr\u00e1ctica.<\/p>\n<p>En este taller aprenderemos c\u00f3mo obtener todos los datos necesarios de un inmueble para realizar un peritaje. Todo esto de forma pr\u00e1ctica y con ejemplos, de forma din\u00e1mica e interactiva.<\/p>","protected":false},"excerpt":{"rendered":"<p>Quantes vegades has pensat que la teoria de les valoracions est\u00e0 molt b\u00e9 pero que la teva necessites comen\u00e7ar pel principi, que el teu necessites con\u00e8ixer les coses m\u00e9s b\u00e0siques i posar-les en pr\u00e0ctica. En aquest taller aprendrem com obtenir totes les dades necess\u00e0ries d&#8217;un immoble per a realitzar un peritatge. Tot aix\u00f2 de manera [&hellip;]<\/p>","protected":false},"featured_media":29083,"template":"","meta":[],"product_cat":[319],"product_tag":[],"oferta-formativa":[274],"tipologia_de_curs":[],"modalitat_de_curs":[],"destacado":[],"class_list":{"0":"post-32610","1":"product","2":"type-product","3":"status-publish","4":"has-post-thumbnail","6":"product_cat-actualitzacio-i-perfeccionament","7":"pa_tipus-de-formacio-presencial","8":"oferta-formativa-negoci-marqueting-i-vendes","10":"first","11":"outofstock","12":"sold-individually","13":"product-type-variable","14":"has-default-attributes"},"_links":{"self":[{"href":"https:\/\/www.apiacademy.es\/es\/wp-json\/wp\/v2\/product\/32610"}],"collection":[{"href":"https:\/\/www.apiacademy.es\/es\/wp-json\/wp\/v2\/product"}],"about":[{"href":"https:\/\/www.apiacademy.es\/es\/wp-json\/wp\/v2\/types\/product"}],"version-history":[{"count":12,"href":"https:\/\/www.apiacademy.es\/es\/wp-json\/wp\/v2\/product\/32610\/revisions"}],"predecessor-version":[{"id":62127,"href":"https:\/\/www.apiacademy.es\/es\/wp-json\/wp\/v2\/product\/32610\/revisions\/62127"}],"wp:featuredmedia":[{"embeddable":true,"href":"https:\/\/www.apiacademy.es\/es\/wp-json\/wp\/v2\/media\/29083"}],"wp:attachment":[{"href":"https:\/\/www.apiacademy.es\/es\/wp-json\/wp\/v2\/media?parent=32610"}],"wp:term":[{"taxonomy":"product_cat","embeddable":true,"href":"https:\/\/www.apiacademy.es\/es\/wp-json\/wp\/v2\/product_cat?post=32610"},{"taxonomy":"product_tag","embeddable":true,"href":"https:\/\/www.apiacademy.es\/es\/wp-json\/wp\/v2\/product_tag?post=32610"},{"taxonomy":"oferta-formativa","embeddable":true,"href":"https:\/\/www.apiacademy.es\/es\/wp-json\/wp\/v2\/oferta-formativa?post=32610"},{"taxonomy":"tipologia_de_curs","embeddable":true,"href":"https:\/\/www.apiacademy.es\/es\/wp-json\/wp\/v2\/tipologia_de_curs?post=32610"},{"taxonomy":"modalitat_de_curs","embeddable":true,"href":"https:\/\/www.apiacademy.es\/es\/wp-json\/wp\/v2\/modalitat_de_curs?post=32610"},{"taxonomy":"destacado","embeddable":true,"href":"https:\/\/www.apiacademy.es\/es\/wp-json\/wp\/v2\/destacado?post=32610"}],"curies":[{"name":"wp","href":"https:\/\/api.w.org\/{rel}","templated":true}]}}