{"id":32608,"date":"2024-12-12T11:51:28","date_gmt":"2024-12-12T10:51:28","guid":{"rendered":"https:\/\/www.apiacademy.es\/?post_type=product&#038;p=32608"},"modified":"2026-05-13T15:47:30","modified_gmt":"2026-05-13T13:47:30","slug":"valoracions-immobiliaries-3-nivells","status":"publish","type":"product","link":"https:\/\/www.apiacademy.es\/es\/producto\/valoracions-immobiliaries-3-nivells\/","title":{"rendered":"Valoraciones inmobiliarias (3 Niveles)"},"content":{"rendered":"<p>Las valoraciones inmobiliarias se han convertido hoy en d\u00eda en piedra angular del trabajo de agente inmobiliario y son una de las mayores y mejores herramientas tanto en la captaci\u00f3n y atracci\u00f3n de mercado, como de ofrecida servicios a terceros.<\/p>\n<p>Conocer las herramientas necesarias para realizar una correcta valoraci\u00f3n, as\u00ed como para establecer los criterios necesarios, para determinar el precio razonable de mercado de una determinada finca, supone la base fundamental de cualquier profesional inmobiliario.<\/p>","protected":false},"excerpt":{"rendered":"<p>Les valoracions immobili\u00e0ries s&#8217;han convertit avui en dia en pedra angular del treball d&#8217;agent immobiliari i s\u00f3n una de les majors i millors eines tant en la captaci\u00f3 i atracci\u00f3 de mercat, com d&#8217;oferta serveis a tercers. Con\u00e8ixer les eines necess\u00e0ries per realitzar una correcta valoraci\u00f3, aix\u00ed com per establir els criteris necessaris, per determinar [&hellip;]<\/p>","protected":false},"featured_media":29081,"template":"","meta":[],"product_cat":[319,349],"product_tag":[],"oferta-formativa":[274],"tipologia_de_curs":[],"modalitat_de_curs":[],"destacado":[],"class_list":{"0":"post-32608","1":"product","2":"type-product","3":"status-publish","4":"has-post-thumbnail","6":"product_cat-actualitzacio-i-perfeccionament","7":"product_cat-idioma-catala","8":"pa_tipus-de-formacio-online","9":"oferta-formativa-negoci-marqueting-i-vendes","11":"first","12":"instock","13":"sold-individually","14":"product-type-variable","15":"has-default-attributes"},"_links":{"self":[{"href":"https:\/\/www.apiacademy.es\/es\/wp-json\/wp\/v2\/product\/32608"}],"collection":[{"href":"https:\/\/www.apiacademy.es\/es\/wp-json\/wp\/v2\/product"}],"about":[{"href":"https:\/\/www.apiacademy.es\/es\/wp-json\/wp\/v2\/types\/product"}],"version-history":[{"count":20,"href":"https:\/\/www.apiacademy.es\/es\/wp-json\/wp\/v2\/product\/32608\/revisions"}],"predecessor-version":[{"id":78488,"href":"https:\/\/www.apiacademy.es\/es\/wp-json\/wp\/v2\/product\/32608\/revisions\/78488"}],"wp:featuredmedia":[{"embeddable":true,"href":"https:\/\/www.apiacademy.es\/es\/wp-json\/wp\/v2\/media\/29081"}],"wp:attachment":[{"href":"https:\/\/www.apiacademy.es\/es\/wp-json\/wp\/v2\/media?parent=32608"}],"wp:term":[{"taxonomy":"product_cat","embeddable":true,"href":"https:\/\/www.apiacademy.es\/es\/wp-json\/wp\/v2\/product_cat?post=32608"},{"taxonomy":"product_tag","embeddable":true,"href":"https:\/\/www.apiacademy.es\/es\/wp-json\/wp\/v2\/product_tag?post=32608"},{"taxonomy":"oferta-formativa","embeddable":true,"href":"https:\/\/www.apiacademy.es\/es\/wp-json\/wp\/v2\/oferta-formativa?post=32608"},{"taxonomy":"tipologia_de_curs","embeddable":true,"href":"https:\/\/www.apiacademy.es\/es\/wp-json\/wp\/v2\/tipologia_de_curs?post=32608"},{"taxonomy":"modalitat_de_curs","embeddable":true,"href":"https:\/\/www.apiacademy.es\/es\/wp-json\/wp\/v2\/modalitat_de_curs?post=32608"},{"taxonomy":"destacado","embeddable":true,"href":"https:\/\/www.apiacademy.es\/es\/wp-json\/wp\/v2\/destacado?post=32608"}],"curies":[{"name":"wp","href":"https:\/\/api.w.org\/{rel}","templated":true}]}}