{"id":32606,"date":"2024-12-12T11:51:27","date_gmt":"2024-12-12T10:51:27","guid":{"rendered":"https:\/\/www.apiacademy.es\/?post_type=product&#038;p=32606"},"modified":"2026-04-29T22:11:16","modified_gmt":"2026-04-29T20:11:16","slug":"registre-de-la-propietat-i-correcta-interpretacio-de-la-informacio-registral","status":"publish","type":"product","link":"https:\/\/www.apiacademy.es\/es\/producto\/registre-de-la-propietat-i-correcta-interpretacio-de-la-informacio-registral\/","title":{"rendered":"Registro de la Propiedad y correcta interpretaci\u00f3n de la informaci\u00f3n registral"},"content":{"rendered":"<p>El Registro de la Propiedad es una pieza clave de la seguridad jur\u00eddica inmobiliaria, pero su informaci\u00f3n solo es \u00fatil cuando se sabe leer e interpretar correctamente.<\/p>\n<p>Este curso ofrece una visi\u00f3n sobre el funcionamiento del Registro de la Propiedad, centrada en la correcta interpretaci\u00f3n de notas simples y certificaciones registrales. El alumno aprender\u00e1 a identificar titularidades, cargas, grav\u00e1menes y limitaciones, as\u00ed como a detectar riesgos habituales derivados de una lectura incorrecta de la informaci\u00f3n registral.<\/p>\n<p>El objetivo es tomar decisiones inmobiliarias con criterio jur\u00eddico y minimizar riesgos en cualquier operaci\u00f3n.<\/p>","protected":false},"excerpt":{"rendered":"<p>El Registre de la Propietat \u00e9s una pe\u00e7a clau de la seguretat jur\u00eddica immobili\u00e0ria, per\u00f2 la seva informaci\u00f3 nom\u00e9s \u00e9s \u00fatil quan es sap llegir i interpretar correctament. Aquest curs ofereix una visi\u00f3 sobre el funcionament del Registre de la Propietat, centrada en la correcta interpretaci\u00f3 de notes simples i certificacions registrals. L&#8217;alumne aprendr\u00e0 a [&hellip;]<\/p>","protected":false},"featured_media":29079,"template":"","meta":[],"product_cat":[319],"product_tag":[],"oferta-formativa":[273],"tipologia_de_curs":[],"modalitat_de_curs":[],"destacado":[],"class_list":{"0":"post-32606","1":"product","2":"type-product","3":"status-publish","4":"has-post-thumbnail","6":"product_cat-actualitzacio-i-perfeccionament","7":"pa_tipus-de-formacio-online","8":"oferta-formativa-juridic-i-fiscal","10":"first","11":"instock","12":"sold-individually","13":"purchasable","14":"product-type-variable"},"_links":{"self":[{"href":"https:\/\/www.apiacademy.es\/es\/wp-json\/wp\/v2\/product\/32606"}],"collection":[{"href":"https:\/\/www.apiacademy.es\/es\/wp-json\/wp\/v2\/product"}],"about":[{"href":"https:\/\/www.apiacademy.es\/es\/wp-json\/wp\/v2\/types\/product"}],"version-history":[{"count":18,"href":"https:\/\/www.apiacademy.es\/es\/wp-json\/wp\/v2\/product\/32606\/revisions"}],"predecessor-version":[{"id":76628,"href":"https:\/\/www.apiacademy.es\/es\/wp-json\/wp\/v2\/product\/32606\/revisions\/76628"}],"wp:featuredmedia":[{"embeddable":true,"href":"https:\/\/www.apiacademy.es\/es\/wp-json\/wp\/v2\/media\/29079"}],"wp:attachment":[{"href":"https:\/\/www.apiacademy.es\/es\/wp-json\/wp\/v2\/media?parent=32606"}],"wp:term":[{"taxonomy":"product_cat","embeddable":true,"href":"https:\/\/www.apiacademy.es\/es\/wp-json\/wp\/v2\/product_cat?post=32606"},{"taxonomy":"product_tag","embeddable":true,"href":"https:\/\/www.apiacademy.es\/es\/wp-json\/wp\/v2\/product_tag?post=32606"},{"taxonomy":"oferta-formativa","embeddable":true,"href":"https:\/\/www.apiacademy.es\/es\/wp-json\/wp\/v2\/oferta-formativa?post=32606"},{"taxonomy":"tipologia_de_curs","embeddable":true,"href":"https:\/\/www.apiacademy.es\/es\/wp-json\/wp\/v2\/tipologia_de_curs?post=32606"},{"taxonomy":"modalitat_de_curs","embeddable":true,"href":"https:\/\/www.apiacademy.es\/es\/wp-json\/wp\/v2\/modalitat_de_curs?post=32606"},{"taxonomy":"destacado","embeddable":true,"href":"https:\/\/www.apiacademy.es\/es\/wp-json\/wp\/v2\/destacado?post=32606"}],"curies":[{"name":"wp","href":"https:\/\/api.w.org\/{rel}","templated":true}]}}