{"id":32604,"date":"2024-12-12T11:51:27","date_gmt":"2024-12-12T10:51:27","guid":{"rendered":"https:\/\/www.apiacademy.es\/?post_type=product&#038;p=32604"},"modified":"2026-04-29T12:40:45","modified_gmt":"2026-04-29T10:40:45","slug":"arguments-fiscals-per-afrontar-negociacions","status":"publish","type":"product","link":"https:\/\/www.apiacademy.es\/es\/producto\/arguments-fiscals-per-afrontar-negociacions\/","title":{"rendered":"Argumentos fiscales para afrontar negociaciones con tus clientes vendedores"},"content":{"rendered":"<p>En este taller pr\u00e1ctico afrontaremos desde el punto de vista fiscal todos los argumentos que puedes utilizar en reuniones con tus clientes vendedores. Cuando los motivos de la reuni\u00f3n son la propuesta de descarga de precio de inmuebles sobrevalorados en el mercado, o que tus clientes puedan valorar correctamente una oferta a la baja, teniendo en cuenta todos los aspectos.<\/p>\n<p>Complementaremos los conocimientos con ejemplos pr\u00e1cticos para trabajar in situ de forma que puedas calcular y utilizar, desde ahora mismo, estos argumentos en tus pr\u00f3ximas reuniones con propietarios, haciendo de tu asesoramiento una herramienta a\u00fan m\u00e1s eficaz para tus clientes.<\/p>\n<p>&nbsp;<\/p>","protected":false},"excerpt":{"rendered":"<p>En aquest taller pr\u00e0ctic afrontarem, des del punt de vista fiscal, tots els arguments que pots utilitzar en reunions amb els teus clients venedors. Quan els motius de la reuni\u00f3 s\u00f3n la proposta de baixada de preu d&#8217;immobles sobrevalorats en el mercat, o que els teus clients puguin valorar correctament una oferta a la baixa, [&hellip;]<\/p>","protected":false},"featured_media":29077,"template":"","meta":[],"product_cat":[319],"product_tag":[],"oferta-formativa":[273],"tipologia_de_curs":[],"modalitat_de_curs":[],"destacado":[],"class_list":{"0":"post-32604","1":"product","2":"type-product","3":"status-publish","4":"has-post-thumbnail","6":"product_cat-actualitzacio-i-perfeccionament","7":"pa_tipus-de-formacio-presencial","8":"oferta-formativa-juridic-i-fiscal","10":"first","11":"instock","12":"sold-individually","13":"purchasable","14":"product-type-variable"},"_links":{"self":[{"href":"https:\/\/www.apiacademy.es\/es\/wp-json\/wp\/v2\/product\/32604"}],"collection":[{"href":"https:\/\/www.apiacademy.es\/es\/wp-json\/wp\/v2\/product"}],"about":[{"href":"https:\/\/www.apiacademy.es\/es\/wp-json\/wp\/v2\/types\/product"}],"version-history":[{"count":14,"href":"https:\/\/www.apiacademy.es\/es\/wp-json\/wp\/v2\/product\/32604\/revisions"}],"predecessor-version":[{"id":78050,"href":"https:\/\/www.apiacademy.es\/es\/wp-json\/wp\/v2\/product\/32604\/revisions\/78050"}],"wp:featuredmedia":[{"embeddable":true,"href":"https:\/\/www.apiacademy.es\/es\/wp-json\/wp\/v2\/media\/29077"}],"wp:attachment":[{"href":"https:\/\/www.apiacademy.es\/es\/wp-json\/wp\/v2\/media?parent=32604"}],"wp:term":[{"taxonomy":"product_cat","embeddable":true,"href":"https:\/\/www.apiacademy.es\/es\/wp-json\/wp\/v2\/product_cat?post=32604"},{"taxonomy":"product_tag","embeddable":true,"href":"https:\/\/www.apiacademy.es\/es\/wp-json\/wp\/v2\/product_tag?post=32604"},{"taxonomy":"oferta-formativa","embeddable":true,"href":"https:\/\/www.apiacademy.es\/es\/wp-json\/wp\/v2\/oferta-formativa?post=32604"},{"taxonomy":"tipologia_de_curs","embeddable":true,"href":"https:\/\/www.apiacademy.es\/es\/wp-json\/wp\/v2\/tipologia_de_curs?post=32604"},{"taxonomy":"modalitat_de_curs","embeddable":true,"href":"https:\/\/www.apiacademy.es\/es\/wp-json\/wp\/v2\/modalitat_de_curs?post=32604"},{"taxonomy":"destacado","embeddable":true,"href":"https:\/\/www.apiacademy.es\/es\/wp-json\/wp\/v2\/destacado?post=32604"}],"curies":[{"name":"wp","href":"https:\/\/api.w.org\/{rel}","templated":true}]}}