{"id":76952,"date":"2026-03-03T09:09:07","date_gmt":"2026-03-03T08:09:07","guid":{"rendered":"https:\/\/www.apiacademy.es\/?page_id=76952"},"modified":"2026-03-03T10:23:23","modified_gmt":"2026-03-03T09:23:23","slug":"formacio-fonaments-api","status":"publish","type":"page","link":"https:\/\/www.apiacademy.es\/es\/formacio-fonaments-api\/","title":{"rendered":"Formaci\u00f3n Fundamentos API"},"content":{"rendered":"<div data-elementor-type=\"wp-page\" data-elementor-id=\"76952\" class=\"elementor elementor-76952\" data-elementor-post-type=\"page\">\n\t\t\t\t\t\t<section class=\"elementor-section elementor-top-section elementor-element elementor-element-c4e0c91 elementor-section-boxed elementor-section-height-default elementor-section-height-default\" data-id=\"c4e0c91\" data-element_type=\"section\">\n\t\t\t\t\t\t<div class=\"elementor-container elementor-column-gap-default\">\n\t\t\t\t\t<div class=\"elementor-column elementor-col-100 elementor-top-column elementor-element elementor-element-3d4bc9e\" data-id=\"3d4bc9e\" data-element_type=\"column\">\n\t\t\t<div class=\"elementor-widget-wrap\">\n\t\t\t\t\t\t\t<\/div>\n\t\t<\/div>\n\t\t\t\t\t<\/div>\n\t\t<\/section>\n\t\t\t\t<section class=\"elementor-section elementor-top-section elementor-element elementor-element-5d75480 elementor-section-content-middle overflow_visble_bgrd elementor-section-boxed elementor-section-height-default elementor-section-height-default\" data-id=\"5d75480\" data-element_type=\"section\" data-settings=\"{&quot;background_background&quot;:&quot;classic&quot;}\">\n\t\t\t\t\t\t\t<div class=\"elementor-background-overlay\"><\/div>\n\t\t\t\t\t\t\t<div class=\"elementor-container elementor-column-gap-no\">\n\t\t\t\t\t<div class=\"elementor-column elementor-col-100 elementor-top-column elementor-element elementor-element-c52aa9b\" data-id=\"c52aa9b\" data-element_type=\"column\">\n\t\t\t<div class=\"elementor-widget-wrap elementor-element-populated\">\n\t\t\t\t\t\t<div class=\"elementor-element elementor-element-5b99aff bottom-border-only elementor-widget__width-initial elementor-widget elementor-widget-heading\" data-id=\"5b99aff\" data-element_type=\"widget\" data-widget_type=\"heading.default\">\n\t\t\t\t<div class=\"elementor-widget-container\">\n\t\t\t<h4 class=\"elementor-heading-title elementor-size-default\">Formaci\u00f3n Fundamentos API<\/h4>\t\t<\/div>\n\t\t\t\t<\/div>\n\t\t\t\t\t<\/div>\n\t\t<\/div>\n\t\t\t\t\t<\/div>\n\t\t<\/section>\n\t\t\t\t<section class=\"elementor-section elementor-top-section elementor-element elementor-element-b7eb3b6 elementor-section-boxed elementor-section-height-default elementor-section-height-default\" data-id=\"b7eb3b6\" data-element_type=\"section\">\n\t\t\t\t\t\t<div class=\"elementor-container elementor-column-gap-default\">\n\t\t\t\t\t<div class=\"elementor-column elementor-col-100 elementor-top-column elementor-element elementor-element-e596c74\" data-id=\"e596c74\" data-element_type=\"column\">\n\t\t\t<div class=\"elementor-widget-wrap elementor-element-populated\">\n\t\t\t\t\t\t<div class=\"elementor-element elementor-element-60230dc elementor-widget elementor-widget-text-editor\" data-id=\"60230dc\" data-element_type=\"widget\" data-widget_type=\"text-editor.default\">\n\t\t\t\t<div class=\"elementor-widget-container\">\n\t\t\t\t\t\t\t<p class=\"x_MsoNormal\"><b><span data-ogsc=\"rgb(0, 45, 93)\" data-olk-copy-source=\"MessageBody\">Fundamentos de la profesi\u00f3n API<\/span><\/b><span data-ogsc=\"rgb(0, 45, 93)\">\u00a0es una formaci\u00f3n c\u00edclica que se organiza dos veces al a\u00f1o con el objetivo de garantizar que todos los profesionales del colectivo dispongan de una base s\u00f3lida y compartida sobre el ejercicio de la mediaci\u00f3n inmobiliaria.<\/span><\/p><p class=\"x_MsoNormal\"><span data-ogsc=\"rgb(0, 45, 93)\">Este programa est\u00e1 dise\u00f1ado para integrar de manera estructurada todos los fundamentos imprescindibles de la pr\u00e1ctica inmobiliaria: el marco normativo, los principios deontol\u00f3gicos, los procedimientos esenciales y los criterios profesionales que sustentan un ejercicio responsable y riguroso de la profesi\u00f3n.<\/span><\/p><p class=\"x_MsoNormal\"><span data-ogsc=\"rgb(0, 45, 93)\">\u00a0<\/span><\/p><p class=\"x_MsoNormal\"><span data-ogsc=\"rgb(0, 45, 93)\">Est\u00e1 dirigido especialmente a los agentes que acaban de incorporarse al colectivo y desean equiparse con los conocimientos clave para desarrollar su actividad con confianza, seguridad jur\u00eddica y criterio profesional. Al mismo tiempo, tambi\u00e9n es una propuesta pensada para profesionales con experiencia que quieran actualizar y reforzar sus fundamentos, refrescar conocimientos y asegurar que su pr\u00e1ctica contin\u00faa alineada con los est\u00e1ndares y el modelo profesional API.<\/span><\/p>\t\t\t\t\t\t<\/div>\n\t\t\t\t<\/div>\n\t\t\t\t\t<\/div>\n\t\t<\/div>\n\t\t\t\t\t<\/div>\n\t\t<\/section>\n\t\t\t\t<section class=\"elementor-section elementor-top-section elementor-element elementor-element-8d29f4b elementor-section-boxed elementor-section-height-default elementor-section-height-default\" data-id=\"8d29f4b\" data-element_type=\"section\">\n\t\t\t\t\t\t<div class=\"elementor-container elementor-column-gap-default\">\n\t\t\t\t\t<div class=\"elementor-column elementor-col-100 elementor-top-column elementor-element elementor-element-e22d280\" data-id=\"e22d280\" data-element_type=\"column\">\n\t\t\t<div class=\"elementor-widget-wrap elementor-element-populated\">\n\t\t\t\t\t\t<div class=\"elementor-element elementor-element-4b459de elementor-widget elementor-widget-shortcode\" data-id=\"4b459de\" data-element_type=\"widget\" data-widget_type=\"shortcode.default\">\n\t\t\t\t<div class=\"elementor-widget-container\">\n\t\t\t\t\t<div class=\"elementor-shortcode\">    <div class=\"course-filter-container\" style=\"display:flex;flex-wrap:wrap;gap:15px;justify-content:space-between;align-items:center;width:100%;margin-bottom:20px !important;\">\n        <div style=\"flex:1;display:flex;align-items:center;\">\n            <label for=\"course_month_filter_cf_528f28a6-77db-45b4-a3af-7c7d1c8c90d9\" style=\"flex:1;text-align:left;padding-right:10px;font-size: 32px;font-weight: 300;color: var( --e-global-color-primary ); font-family: Roboto;\">\n                Mes            <\/label>\n\n            <select id=\"course_month_filter_cf_528f28a6-77db-45b4-a3af-7c7d1c8c90d9\" class=\"minimal-select\" style=\"flex:1;\">\n                                                        <option value=\"202604\">\n                        Abril 2026                    <\/option>\n                                                        <option value=\"202605\">\n                        Mayo 2026                    <\/option>\n                                                        <option value=\"202606\">\n                        Junio 2026                    <\/option>\n                                                        <option value=\"202607\">\n                        Julio 2026                    <\/option>\n                                                        <option value=\"202608\">\n                        Agosto 2026                    <\/option>\n                                                        <option value=\"202609\">\n                        Septiembre 2026                    <\/option>\n                                                        <option value=\"202610\">\n                        Octubre 2026                    <\/option>\n                                                        <option value=\"202611\">\n                        Noviembre 2026                    <\/option>\n                                                        <option value=\"202612\">\n                        Diciembre 2026                    <\/option>\n                                                        <option value=\"202701\">\n                        Enero 2027                    <\/option>\n                                                        <option value=\"202702\">\n                        Febrero 2027                    <\/option>\n                                                        <option value=\"202703\">\n                        Marzo 2027                    <\/option>\n                            <\/select>\n        <\/div>\n\n                    <!-- \u2705 Modo forzado: no dropdown -->\n            <input type=\"hidden\"\n                   id=\"course_filter_cf_528f28a6-77db-45b4-a3af-7c7d1c8c90d9\"\n                   data-mode=\"cat\"\n                   value=\"fonaments-api\">\n            <\/div>\n\n    <div id=\"course_list_cf_528f28a6-77db-45b4-a3af-7c7d1c8c90d9\"><\/div>\n\n    <script type=\"text\/javascript\">\n    jQuery(function($) {\n\n        function load_courses_by_filters(month, mode, value) {\n            $.ajax({\n                url: \"https:\/\/www.apiacademy.es\/wp-admin\/admin-ajax.php\",\n                type: \"POST\",\n                data: {\n                    action: \"load_courses_by_filters\",\n                    month: month,\n                    mode: mode,   \/\/ 'cat' o 'tax'\n                    value: value  \/\/ slug\n                },\n                success: function(resp) {\n                    $(\"#course_list_cf_528f28a6-77db-45b4-a3af-7c7d1c8c90d9\").html(resp);\n                }\n            });\n        }\n\n        function currentModeAndValue() {\n            var $f = $(\"#course_filter_cf_528f28a6-77db-45b4-a3af-7c7d1c8c90d9\");\n            return {\n                mode: ($f.data(\"mode\") || \"tax\"),\n                value: ($f.val() || \"\")\n            };\n        }\n\n        function reload() {\n            var mv = currentModeAndValue();\n            load_courses_by_filters(\n                $(\"#course_month_filter_cf_528f28a6-77db-45b4-a3af-7c7d1c8c90d9\").val(),\n                mv.mode,\n                mv.value\n            );\n        }\n\n        reload();\n\n        $(\"#course_month_filter_cf_528f28a6-77db-45b4-a3af-7c7d1c8c90d9, #course_filter_cf_528f28a6-77db-45b4-a3af-7c7d1c8c90d9\").on(\"change\", reload);\n    });\n    <\/script>\n    <\/div>\n\t\t\t\t<\/div>\n\t\t\t\t<\/div>\n\t\t\t\t\t<\/div>\n\t\t<\/div>\n\t\t\t\t\t<\/div>\n\t\t<\/section>\n\t\t\t\t<section class=\"elementor-section elementor-top-section elementor-element elementor-element-c77ffbd elementor-section-content-middle elementor-section-boxed elementor-section-height-default elementor-section-height-default\" data-id=\"c77ffbd\" data-element_type=\"section\" data-settings=\"{&quot;background_background&quot;:&quot;classic&quot;}\">\n\t\t\t\t\t\t<div class=\"elementor-container elementor-column-gap-no\">\n\t\t\t\t\t<div class=\"elementor-column elementor-col-50 elementor-top-column elementor-element elementor-element-a687059\" data-id=\"a687059\" data-element_type=\"column\">\n\t\t\t<div class=\"elementor-widget-wrap elementor-element-populated\">\n\t\t\t\t\t\t<div class=\"elementor-element elementor-element-673bae7 bottom-border-only elementor-widget__width-initial elementor-widget elementor-widget-heading\" data-id=\"673bae7\" data-element_type=\"widget\" data-widget_type=\"heading.default\">\n\t\t\t\t<div class=\"elementor-widget-container\">\n\t\t\t<h4 class=\"elementor-heading-title elementor-size-default\">Te mantenemos informado<\/h4>\t\t<\/div>\n\t\t\t\t<\/div>\n\t\t\t\t<div class=\"elementor-element elementor-element-33ede15 elementor-widget elementor-widget-text-editor\" data-id=\"33ede15\" data-element_type=\"widget\" data-widget_type=\"text-editor.default\">\n\t\t\t\t<div class=\"elementor-widget-container\">\n\t\t\t\t\t\t\t<p>Subscr\u00edbete a nuestra newsletter y recibe en tu correo las \u00faltimas novedades, tendencias del mercado, art\u00edculos exclusivos y acceso anticipado a nuestras formaciones.<\/p><p>S\u00e9 parte de una comunidad de profesionales que transforman el sector. No te pierdas nada!<\/p><p><img decoding=\"async\" class=\"emoji\" role=\"img\" draggable=\"false\" src=\"https:\/\/s.w.org\/images\/core\/emoji\/15.0.3\/svg\/1f449.svg\" alt=\"\ud83d\udc49\" \/> Ap\u00fantate ahora.<\/p>\t\t\t\t\t\t<\/div>\n\t\t\t\t<\/div>\n\t\t\t\t\t<\/div>\n\t\t<\/div>\n\t\t\t\t<div class=\"elementor-column elementor-col-50 elementor-top-column elementor-element elementor-element-34b3d31\" data-id=\"34b3d31\" data-element_type=\"column\">\n\t\t\t<div class=\"elementor-widget-wrap elementor-element-populated\">\n\t\t\t\t\t\t<div class=\"elementor-element elementor-element-cfb9da5 elementor-button-align-start elementor-widget elementor-widget-form\" data-id=\"cfb9da5\" data-element_type=\"widget\" data-settings=\"{&quot;step_next_label&quot;:&quot;Next&quot;,&quot;step_previous_label&quot;:&quot;Previous&quot;,&quot;button_width&quot;:&quot;100&quot;,&quot;step_type&quot;:&quot;number_text&quot;,&quot;step_icon_shape&quot;:&quot;circle&quot;}\" data-widget_type=\"form.default\">\n\t\t\t\t<div class=\"elementor-widget-container\">\n\t\t\t\t\t<form class=\"elementor-form\" method=\"post\" name=\"New Form\" action=\"\">\n\t\t\t<input type=\"hidden\" name=\"post_id\" value=\"76952\"\/>\n\t\t\t<input type=\"hidden\" name=\"form_id\" value=\"cfb9da5\"\/>\n\t\t\t<input type=\"hidden\" name=\"referer_title\" value=\"\" \/>\n\n\t\t\t\n\t\t\t<div class=\"elementor-form-fields-wrapper elementor-labels-\">\n\t\t\t\t\t\t\t\t<div class=\"elementor-field-type-text elementor-field-group elementor-column elementor-field-group-name elementor-col-100\">\n\t\t\t\t\t\t\t\t\t\t\t\t<label for=\"form-field-name\" class=\"elementor-field-label elementor-screen-only\">\n\t\t\t\t\t\t\t\tNombre\t\t\t\t\t\t\t<\/label>\n\t\t\t\t\t\t\t\t\t\t\t\t\t\t<input size=\"1\" type=\"text\" name=\"form_fields[name]\" id=\"form-field-name\" class=\"elementor-field elementor-size-xs  elementor-field-textual\" placeholder=\"Nombre\">\n\t\t\t\t\t\t\t\t\t\t\t<\/div>\n\t\t\t\t\t\t\t\t<div class=\"elementor-field-type-email elementor-field-group elementor-column elementor-field-group-email elementor-col-100 elementor-field-required\">\n\t\t\t\t\t\t\t\t\t\t\t\t<label for=\"form-field-email\" class=\"elementor-field-label elementor-screen-only\">\n\t\t\t\t\t\t\t\tEmail\t\t\t\t\t\t\t<\/label>\n\t\t\t\t\t\t\t\t\t\t\t\t\t\t<input size=\"1\" type=\"email\" name=\"form_fields[email]\" id=\"form-field-email\" class=\"elementor-field elementor-size-xs  elementor-field-textual\" placeholder=\"Email\" required=\"required\" aria-required=\"true\">\n\t\t\t\t\t\t\t\t\t\t\t<\/div>\n\t\t\t\t\t\t\t\t<div class=\"elementor-field-type-textarea elementor-field-group elementor-column elementor-field-group-message elementor-col-100\">\n\t\t\t\t\t\t\t\t\t\t\t\t<label for=\"form-field-message\" class=\"elementor-field-label elementor-screen-only\">\n\t\t\t\t\t\t\t\tMensaje\t\t\t\t\t\t\t<\/label>\n\t\t\t\t\t\t<textarea class=\"elementor-field-textual elementor-field  elementor-size-xs\" name=\"form_fields[message]\" id=\"form-field-message\" rows=\"4\" placeholder=\"Mensaje\"><\/textarea>\t\t\t\t<\/div>\n\t\t\t\t\t\t\t\t<div class=\"elementor-field-group elementor-column elementor-field-type-submit elementor-col-100 e-form__buttons\">\n\t\t\t\t\t<button class=\"elementor-button elementor-size-sm\" type=\"submit\">\n\t\t\t\t\t\t<span class=\"elementor-button-content-wrapper\">\n\t\t\t\t\t\t\t\t\t\t\t\t\t\t\t\t\t\t\t\t\t\t<span class=\"elementor-button-text\">Enviar mensaje<\/span>\n\t\t\t\t\t\t\t\t\t\t\t\t\t<\/span>\n\t\t\t\t\t<\/button>\n\t\t\t\t<\/div>\n\t\t\t<\/div>\n\t\t<input type=\"hidden\" name=\"trp-form-language\" value=\"es\"\/><\/form>\n\t\t\t\t<\/div>\n\t\t\t\t<\/div>\n\t\t\t\t\t<\/div>\n\t\t<\/div>\n\t\t\t\t\t<\/div>\n\t\t<\/section>\n\t\t\t\t<\/div>","protected":false},"excerpt":{"rendered":"<p>Formaci\u00f3 Fonaments API Fonaments de la professi\u00f3 API\u00a0\u00e9s una formaci\u00f3 c\u00edclica que s\u2019organitza dos cops l\u2019any amb l\u2019objectiu de garantir que tots els professionals del col\u00b7lectiu disposin d\u2019una base s\u00f2lida i compartida sobre l\u2019exercici de la mediaci\u00f3 immobili\u00e0ria. Aquest programa est\u00e0 dissenyat per integrar de manera estructurada tots els fonaments imprescindibles de la pr\u00e0ctica immobili\u00e0ria: [&hellip;]<\/p>","protected":false},"author":84527,"featured_media":0,"parent":0,"menu_order":0,"comment_status":"closed","ping_status":"closed","template":"elementor_header_footer","meta":{"footnotes":""},"class_list":["post-76952","page","type-page","status-publish","hentry"],"_links":{"self":[{"href":"https:\/\/www.apiacademy.es\/es\/wp-json\/wp\/v2\/pages\/76952"}],"collection":[{"href":"https:\/\/www.apiacademy.es\/es\/wp-json\/wp\/v2\/pages"}],"about":[{"href":"https:\/\/www.apiacademy.es\/es\/wp-json\/wp\/v2\/types\/page"}],"author":[{"embeddable":true,"href":"https:\/\/www.apiacademy.es\/es\/wp-json\/wp\/v2\/users\/84527"}],"replies":[{"embeddable":true,"href":"https:\/\/www.apiacademy.es\/es\/wp-json\/wp\/v2\/comments?post=76952"}],"version-history":[{"count":24,"href":"https:\/\/www.apiacademy.es\/es\/wp-json\/wp\/v2\/pages\/76952\/revisions"}],"predecessor-version":[{"id":76984,"href":"https:\/\/www.apiacademy.es\/es\/wp-json\/wp\/v2\/pages\/76952\/revisions\/76984"}],"wp:attachment":[{"href":"https:\/\/www.apiacademy.es\/es\/wp-json\/wp\/v2\/media?parent=76952"}],"curies":[{"name":"wp","href":"https:\/\/api.w.org\/{rel}","templated":true}]}}