{"id":27933,"date":"2024-09-26T11:31:04","date_gmt":"2024-09-26T09:31:04","guid":{"rendered":"https:\/\/www.apiacademy.es\/?page_id=27933"},"modified":"2025-01-03T13:48:03","modified_gmt":"2025-01-03T12:48:03","slug":"politica-de-privadesa","status":"publish","type":"page","link":"https:\/\/www.apiacademy.es\/es\/politica-de-privadesa\/","title":{"rendered":"Pol\u00edtica de privacidad"},"content":{"rendered":"<div data-elementor-type=\"wp-page\" data-elementor-id=\"27933\" class=\"elementor elementor-27933\" data-elementor-post-type=\"page\">\n\t\t\t\t\t\t<section class=\"elementor-section elementor-top-section elementor-element elementor-element-44c7323 elementor-section-boxed elementor-section-height-default elementor-section-height-default\" data-id=\"44c7323\" data-element_type=\"section\">\n\t\t\t\t\t\t<div class=\"elementor-container elementor-column-gap-default\">\n\t\t\t\t\t<div class=\"elementor-column elementor-col-100 elementor-top-column elementor-element elementor-element-fed0a60\" data-id=\"fed0a60\" data-element_type=\"column\">\n\t\t\t<div class=\"elementor-widget-wrap elementor-element-populated\">\n\t\t\t\t\t\t<div class=\"elementor-element elementor-element-08e8db6 bottom-border-only elementor-widget__width-initial elementor-widget elementor-widget-heading\" data-id=\"08e8db6\" data-element_type=\"widget\" data-widget_type=\"heading.default\">\n\t\t\t\t<div class=\"elementor-widget-container\">\n\t\t\t<h4 class=\"elementor-heading-title elementor-size-default\">Pol\u00edtica de privacitat<\/h4>\t\t<\/div>\n\t\t\t\t<\/div>\n\t\t\t\t\t<\/div>\n\t\t<\/div>\n\t\t\t\t\t<\/div>\n\t\t<\/section>\n\t\t\t\t<section class=\"elementor-section elementor-top-section elementor-element elementor-element-7c333fe elementor-section-boxed elementor-section-height-default elementor-section-height-default\" data-id=\"7c333fe\" data-element_type=\"section\">\n\t\t\t\t\t\t<div class=\"elementor-container elementor-column-gap-default\">\n\t\t\t\t\t<div class=\"elementor-column elementor-col-100 elementor-top-column elementor-element elementor-element-87e658f\" data-id=\"87e658f\" data-element_type=\"column\">\n\t\t\t<div class=\"elementor-widget-wrap elementor-element-populated\">\n\t\t\t\t\t\t<div class=\"elementor-element elementor-element-52c2dd5 elementor-widget elementor-widget-text-editor\" data-id=\"52c2dd5\" data-element_type=\"widget\" data-widget_type=\"text-editor.default\">\n\t\t\t\t<div class=\"elementor-widget-container\">\n\t\t\t\t\t\t\t<p>Associaci\u00f3 d\u2019Agents Immobiliaris de Catalunya<\/p><ul><li>Domicili Social: GRAN VIA DE LES CORTS CATALANES, 622, EN \u2013 08007 BARCELONA<\/li><li>NIF: G65385262<\/li><li>Registre d\u2019Associacions de la Direcci\u00f3 General de Dret i d\u2019Entitats Jur\u00eddiques<\/li><li>E-mail: <span style=\"color: #ffcc00;\"><a style=\"color: #ffcc00;\" href=\"mailto:info@apiacademy.es\">info@apiacademy.es<\/a><\/span><\/li><li>Nom del domini:\u00a0<span style=\"color: #ffcc00;\"><a style=\"color: #ffcc00;\" href=\"https:\/\/www.apiacademy.es\/es\/\">www.apiacademy.es<\/a><\/span><\/li><\/ul><p><br \/>De conformitat amb all\u00f2 disposat a la Llei Org\u00e0nica 15\/1999, de Protecci\u00f3 de Dades de Car\u00e0cter Personal (LOPD), la seva normativa de desenvolupament, i la LSSICE 34\/2002, d\u201911 de juliol, de la Societat de la Informaci\u00f3 i de Comer\u00e7 Electr\u00f2nic, i el Reglament Europeu 2016\/679 del 27 d\u2019 Abril (GDPR) l\u2019Associaci\u00f3 d\u2019Agents Immobiliaris de Catalunya (en endavant API Academy) en compliment d\u2019all\u00f2 disposat a l\u2019art.5 i 6 de la LOPD, informa a tots els usuaris que facilitin o vagin a facilitar les seves dades personals, que aquestes seran incorporades a un fitxer automatitzat que es troba degudament inscrit a l\u2019Ag\u00e8ncia Espanyola de Protecci\u00f3 de Dades.<\/p><p>Els usuaris accepten expressament i de forma lliure i inequ\u00edvoca que les seves dades personals siguin tractades per part de API Academy amb les seg\u00fcents finalitats:<\/p><ol><li>Remissi\u00f3 de comunicacions comercials publicit\u00e0ries per e-mail, fax, SMS, MMS, comunitats socials o qualsevol altre mitj\u00e0 electr\u00f2nic o f\u00edsic, present o futur, que possibiliti realitzar comunicaci\u00f3 comercials, sempre que s\u2019hagi autoritzat pr\u00e8viament mitjan\u00e7ant la marcaci\u00f3 de la casella d\u2019autoritzaci\u00f3 al formulari web. Aquestes comunicacions comercials seran relacionades a productes o serveis oferts per API Academy aix\u00ed com per part dels col\u00b7laboradors o partners amb els que aquest hagu\u00e9s arribat a algun acord de promoci\u00f3 comercial entre els seus clients. En aquest cas, els tercers mai tindran acc\u00e9s a dades personals. En tot cas, les comunicacions comercials seran realitzades per part de API Academy i seran de productes i serveis relacionats amb el sector de API Academy.<\/li><li>Realitzar estudis estad\u00edstics.<\/li><li>Tramitar enc\u00e0rrecs, sol\u00b7licituds o qualsevol tipus de petici\u00f3 que sigui realitzada per l\u2019usuari a trav\u00e9s de qualsevol de les vies de contacte que es posin a disposici\u00f3 de l\u2019usuari a API Academy.<\/li><li>Enviament de la newsletter a aquells usuaris que s\u2019hi subscriguin.<\/li><\/ol><p><br \/>API Academy informa i garanteix expressament als usuaris que les seves dades personals no seran cedides en cap cas a terceres companyies, i que sempre que an\u00e9s a fer-se algun tipus de cessi\u00f3 de dades personals, de manera pr\u00e8via, se sol\u00b7licitaria el consentiment expr\u00e9s, informat i inequ\u00edvoc per part dels titulars.<\/p><p>Complimentant i enviant els corresponents formularis d\u2019aquesta p\u00e0gina web, l\u2019usuari accepta i autoritza a qu\u00e8 les seves dades personals siguin objecte de tractament automatitzat per part API Academy. En cas que vost\u00e8 inclogui en els formularis d\u2019aquesta p\u00e0gina web dades de car\u00e0cter personal titularitat de tercers haur\u00e0 de, amb car\u00e0cter previ a la seva inclusi\u00f3, obtenir el seu consentiment i informar-li de tots els continguts esmentats en els par\u00e0grafs anteriors.<\/p><p>Totes les dades sol\u00b7licitades a trav\u00e9s API Academy s\u00f3n obligat\u00f2ries, ja que s\u00f3n necess\u00e0ries per a la prestaci\u00f3 d\u2019un servei \u00f2ptim a l\u2019usuari. En cas de que no siguin facilitades totes les dades, API Academy no garanteix que la informaci\u00f3 i serveis oferts siguin completament ajustats a les seves necessitats.<\/p><p>Per poder accedir al campus l\u2019usuari rebr\u00e0, a la seva adre\u00e7a de correu un codi d\u2019usuari i clau d\u2019acc\u00e9s que haur\u00e0 d\u2019 introduir al web.<\/p><p>API Academy garanteix en tot cas a l\u2019usuari l\u2019exercici dels drets d\u2019acc\u00e9s, rectificaci\u00f3, cancel\u00b7laci\u00f3, informaci\u00f3 revocament, supressi\u00f3 de dades i oposici\u00f3, en els termes disposats a la legislaci\u00f3 vigent. Podr\u00e0 exercir els seus drets enviant una sol\u00b7licitud expressa, juntament amb una c\u00f2pia del seu D.N.I. a trav\u00e9s dels seg\u00fcents mitjans:<\/p><ol><li>E-mail:\u00a0<span style=\"color: #ffcc00;\"><a style=\"color: #ffcc00;\" href=\"mailto:info@apiacademy.es\">info@apiacademy.es<\/a><\/span><\/li><li>Correu Postal: Gran V\u00eda Corts Catalanes, 622 Pral 1\u00aa \u2013 08007 BARCELONA.<\/li><li>De la mateixa manera, l\u2019usuari podr\u00e0 revocar el seu consentiment enviant un correu electr\u00f2nic a:\u00a0<span style=\"color: #ffcc00;\"><a style=\"color: #ffcc00;\" href=\"mailto:info@apiacademy.es\">info@apiacademy.es<\/a><\/span><\/li><\/ol><p><br \/>Tamb\u00e9 l\u2019 informem del seu dret a presentar una reclamaci\u00f3 davant la autoritat de control en mat\u00e8ria de protecci\u00f3 de dades, a trav\u00e9s de la seva seu electr\u00f2nica (<span style=\"color: #ffcc00;\"><a style=\"color: #ffcc00;\" href=\"http:\/\/www.sedeagpd.gob.es\/seu-electronica-web\/\">www.sedeagpd.gob.es\/seu-electronica-web\/<\/a><\/span>) o enviant un escrit a C\/Jorge Juan, n\u00ba6 \u2013 28001 Madrid.<\/p><p>De la mateix manera, API Academy ha adoptat totes les mesures t\u00e8cniques i d\u2019organitzaci\u00f3 necess\u00e0ries per a garantir la seguretat i integritat de les dades de car\u00e0cter personal que tracti, aix\u00ed com per a evitar-ne la seva p\u00e8rdua, alteraci\u00f3 i\/o acc\u00e9s per part de tercers no autoritzats.<\/p><p><strong>SEGURETAT<\/strong><\/p><p>API Academy utilitza t\u00e8cniques de seguretat de la informaci\u00f3 generalment acceptades a la ind\u00fastria, tals com firewals, procediments de control d\u2019acc\u00e9s i mecanismes criptogr\u00e0fics, tot aix\u00f2 amb l\u2019objecte d\u2019evitar l\u2019acc\u00e9s no autoritzat a les dades. Per a aconseguir aquestes finalitats, l\u2019usuari\/client accepta que el prestador obtingui dades per a efectes de la corresponent autentificaci\u00f3 dels controls d\u2019acc\u00e9s.<\/p><p><strong>PROPIETAT INDUSTRIAL I INTEL\u00b7LECTUAL<\/strong><\/p><p>Aquest lloc web \u00e9s propietat API Academy. Els drets de Propietat Intel\u00b7lectual i d\u2019explotaci\u00f3 i reproducci\u00f3 d\u2019aquest web, de les seves p\u00e0gines, pantalles, la Informaci\u00f3 que contenen, la seva aparen\u00e7a i disseny, aix\u00ed com els vincles (\u201chiperlinks\u201d) que s\u2019estableixin des d\u2019aquest a altres p\u00e0gines web de qualsevol societat filial i\/o dominada API Academy, s\u00f3n propietat exclusiva d\u2019aquesta, llevat que s\u2019especifiqui expressament una altra cosa. Qualsevol denominaci\u00f3, disseny i\/o logotip, aix\u00ed com qualsevol producte o servei oferts i apareguts en aquesta p\u00e0gina web, s\u00f3n marques degudament enregistrades per API Academy, per les seves societats filials i\/o dominades per tercers. Qualsevol \u00fas indegut de les mateixes per persones diferents del seu leg\u00edtim titular i sense el consentiment expr\u00e9s i inequ\u00edvoc per part d\u2019aquest, podr\u00e0 ser denunciat i perseguit a trav\u00e9s de tots els mitjans legals existents a l\u2019Ordenament Jur\u00eddic espanyol i\/o comunitari.<\/p><p>Els drets de propietat intel\u00b7lectual i marques de tercers estan destacats convenientment i han de ser respectats per tot aquell que accedeixi a aquesta p\u00e0gina, no essent responsabilitat d\u2019API Academy l\u2019\u00fas que l\u2019usuari pugui portar a terme al respecte, recaient la responsabilitat exclusiva en la seva persona.<\/p><p>Nom\u00e9s es permet descarregar per a \u00fas personal i privat els continguts, copiar o imprimir qualsevol p\u00e0gina d\u2019aquest lloc web. Queda prohibit reproduir, transmetre, modificar o suprimir la informaci\u00f3, contingut o advert\u00e8ncies d\u2019aquesta p\u00e0gina web sense la pr\u00e8via autoritzaci\u00f3 per escrit API Academy.<\/p><p>Els continguts proporcionats per API Academy estan subjectes als drets de propietat intel\u00b7lectual i industrial i s\u00f3n titularitat exclusiva API Academy o de les persones f\u00edsiques o jur\u00eddiques que s\u2019informi mitjan\u00e7ant l\u2019adquisici\u00f3 d\u2019un producte o servei. API Academy no confereix a l\u2019adquirent cap dret d\u2019alteraci\u00f3, explotaci\u00f3, reproducci\u00f3, distribuci\u00f3 o comunicaci\u00f3 p\u00fablica sobre el mateix, reservant-se API Academy tots aquests drets. La cessi\u00f3 d\u2019aquests drets precisar\u00e0 el consentiment previ per escrit del titular dels mateixos, de manera que el client no podr\u00e0 posar a disposici\u00f3 de terceres persones aquests continguts.<\/p><p>La propietat intel\u00b7lectual s\u2019est\u00e9n, a m\u00e9s a m\u00e9s del contingut incl\u00f2s a API Academy, als seus gr\u00e0fics, logotips, dissenys, imatges i codis font utilitzats per a la seva programaci\u00f3.<\/p><p>API Academy ha obtingut la Informaci\u00f3 i els materials inclosos al web de fonts considerades com fiables i, si b\u00e9 s\u2019han pres mesures raonables per assegurar-se que la informaci\u00f3 continguda sigui la correcta, API Academy no pot garantir que en tot moment i circumst\u00e0ncia aquesta informaci\u00f3 sigui exacta, completa, actualitzada i, en conseq\u00fc\u00e8ncia, no s\u2019ha de confiar en ella como si ho fos. API Academy declina expressament qualsevol responsabilitat per error o omissi\u00f3 en la Informaci\u00f3 continguda a les p\u00e0gines d\u2019aquesta web.<\/p><p>API Academy es reserva la facultat de modificar, suspendre, cancel\u00b7lar o restringir el contingut de la web, els vincles o la informaci\u00f3 obtinguda a trav\u00e9s d\u2019aquesta, sense necessitat d\u2019av\u00eds previ. Aquesta, en cap cas, assumeix cap responsabilitat com a conseq\u00fc\u00e8ncia de la utilitzaci\u00f3 incorrecta del web que pugui fer l\u2019usuari, tant de la informaci\u00f3 com dels serveis inclosos.<\/p><p>En cap cas API Academy<strong>,<\/strong>\u00a0les seves sucursals i\/o centres de treball, els seus directors i\/o apoderats, treballadors i, en general, el personal autoritzat ser\u00e0 responsable de qualsevol tipus de perjudici, p\u00e8rdua, reclamaci\u00f3 o despesa, tant si procedeix directa o indirectament, de l\u2019\u00fas i\/o difusi\u00f3 del web o de la informaci\u00f3 adquirida o accedida per o a trav\u00e9s d\u2019aquest o dels seus virus inform\u00e0tics, d\u2019errades operatives o d\u2019interrupcions en el serveis o transmissi\u00f3 o d\u2019errades en la l\u00ednea en l\u2019\u00fas de la web, tant per connexi\u00f3 directa com per vincle o altre mitj\u00e0, constituint, a tots els efectes legals un av\u00eds a qualsevol usuari de que aquestes possibilitats i actes puguin succeir.<\/p><p>API Academy no es fa responsable dels webs no propis als quals es pugui accedir mitjan\u00e7ant vincles o enlla\u00e7os (\u201clinks\u201d) o de qualsevol contingut posat a disposici\u00f3 de tercers. Qualsevol \u00fas d\u2019un vincle o acc\u00e9s a una p\u00e0gina web no pr\u00f2pia ser\u00e0 realitzat per voluntat i a risc totalment exclusiu de l\u2019usuari. API Academy no recomana ni garanteix cap de la\/es Informaci\u00f3\/ons obtinguda\/es per o a trav\u00e9s de qualsevol vincle, ni es responsabilitza de cap p\u00e8rdua, reclamaci\u00f3 o perjudici derivat de l\u2019\u00fas o mal \u00fas d\u2019un vincle, o de la Informaci\u00f3 obtinguda a trav\u00e9s d\u2019aquest, inclosos altres enlla\u00e7os o webs, de la interrupci\u00f3 en el servei o en l\u2019acc\u00e9s, o de l\u2019intent d\u2019utilitzar o d\u2019utilitzar incorrectament un vincle, tant en connectar a la p\u00e0gina web API Academy com en accedir a la informaci\u00f3 d\u2019altres webs des de la mateixa.<\/p><p><strong>LLEI APLICABLE<\/strong><\/p><p>La llei aplicable en cas de disputa o conflicte d\u2019interpretaci\u00f3 dels termes que conformen aquesta Pol\u00edtica de Privacitat, aix\u00ed com qualsevol q\u00fcesti\u00f3 relacionada amb els serveis del present web, ser\u00e0 la llei espanyola.<\/p>\t\t\t\t\t\t<\/div>\n\t\t\t\t<\/div>\n\t\t\t\t\t<\/div>\n\t\t<\/div>\n\t\t\t\t\t<\/div>\n\t\t<\/section>\n\t\t\t\t<\/div>","protected":false},"excerpt":{"rendered":"<p>Pol\u00edtica de privacitat Associaci\u00f3 d\u2019Agents Immobiliaris de Catalunya Domicili Social: GRAN VIA DE LES CORTS CATALANES, 622, EN \u2013 08007 BARCELONA NIF: G65385262 Registre d\u2019Associacions de la Direcci\u00f3 General de Dret i d\u2019Entitats Jur\u00eddiques E-mail: info@apiacademy.es Nom del domini:\u00a0www.apiacademy.es De conformitat amb all\u00f2 disposat a la Llei Org\u00e0nica 15\/1999, de Protecci\u00f3 de Dades de Car\u00e0cter [&hellip;]<\/p>","protected":false},"author":1,"featured_media":0,"parent":0,"menu_order":0,"comment_status":"closed","ping_status":"closed","template":"elementor_header_footer","meta":{"footnotes":""},"class_list":["post-27933","page","type-page","status-publish","hentry"],"_links":{"self":[{"href":"https:\/\/www.apiacademy.es\/es\/wp-json\/wp\/v2\/pages\/27933"}],"collection":[{"href":"https:\/\/www.apiacademy.es\/es\/wp-json\/wp\/v2\/pages"}],"about":[{"href":"https:\/\/www.apiacademy.es\/es\/wp-json\/wp\/v2\/types\/page"}],"author":[{"embeddable":true,"href":"https:\/\/www.apiacademy.es\/es\/wp-json\/wp\/v2\/users\/1"}],"replies":[{"embeddable":true,"href":"https:\/\/www.apiacademy.es\/es\/wp-json\/wp\/v2\/comments?post=27933"}],"version-history":[{"count":25,"href":"https:\/\/www.apiacademy.es\/es\/wp-json\/wp\/v2\/pages\/27933\/revisions"}],"predecessor-version":[{"id":63175,"href":"https:\/\/www.apiacademy.es\/es\/wp-json\/wp\/v2\/pages\/27933\/revisions\/63175"}],"wp:attachment":[{"href":"https:\/\/www.apiacademy.es\/es\/wp-json\/wp\/v2\/media?parent=27933"}],"curies":[{"name":"wp","href":"https:\/\/api.w.org\/{rel}","templated":true}]}}