{"id":27929,"date":"2024-09-26T11:29:28","date_gmt":"2024-09-26T09:29:28","guid":{"rendered":"https:\/\/www.apiacademy.es\/?page_id=27929"},"modified":"2025-01-09T08:30:11","modified_gmt":"2025-01-09T07:30:11","slug":"el-meu-compte","status":"publish","type":"page","link":"https:\/\/www.apiacademy.es\/es\/el-meu-compte\/","title":{"rendered":"Mi cuenta"},"content":{"rendered":"<div data-elementor-type=\"wp-page\" data-elementor-id=\"27929\" class=\"elementor elementor-27929\" data-elementor-post-type=\"page\">\n\t\t\t\t\t\t<section class=\"elementor-section elementor-top-section elementor-element elementor-element-0ea822a elementor-section-height-min-height elementor-section-boxed elementor-section-height-default elementor-section-items-middle\" data-id=\"0ea822a\" data-element_type=\"section\">\n\t\t\t\t\t\t\t<div class=\"elementor-background-overlay\"><\/div>\n\t\t\t\t\t\t\t<div class=\"elementor-container elementor-column-gap-default\">\n\t\t\t\t\t<div class=\"elementor-column elementor-col-100 elementor-top-column elementor-element elementor-element-b185ccb\" data-id=\"b185ccb\" data-element_type=\"column\">\n\t\t\t<div class=\"elementor-widget-wrap elementor-element-populated\">\n\t\t\t\t\t\t<div class=\"elementor-element elementor-element-c5294b3 bottom-border-only elementor-widget__width-initial elementor-widget elementor-widget-heading\" data-id=\"c5294b3\" data-element_type=\"widget\" data-widget_type=\"heading.default\">\n\t\t\t\t<div class=\"elementor-widget-container\">\n\t\t\t<h4 class=\"elementor-heading-title elementor-size-default\">Mi cuenta<\/h4>\t\t<\/div>\n\t\t\t\t<\/div>\n\t\t\t\t<div class=\"elementor-element elementor-element-22754d6 e-my-account-tabs-vertical elementor-widget elementor-widget-woocommerce-my-account\" data-id=\"22754d6\" data-element_type=\"widget\" data-widget_type=\"woocommerce-my-account.default\">\n\t\t\t\t<div class=\"elementor-widget-container\">\n\t\t\t<div class=\"e-my-account-tab e-my-account-tab__\">\t\t\t<div class=\"woocommerce\"><\/div>\t\t<\/div>\n\t\t\t\t<\/div>\n\t\t\t\t<\/div>\n\t\t\t\t\t<\/div>\n\t\t<\/div>\n\t\t\t\t\t<\/div>\n\t\t<\/section>\n\t\t\t\t<\/div>","protected":false},"excerpt":{"rendered":"<p>El meu compte Principal Comandes Descarregas Direcci\u00f3 Detalls Tancar sessi\u00f3 Hola admin (no sou admin? Tanca la sessi\u00f3) Des del tauler del vostre compte, podeu veure les vostres comandes recents, gestionar la vostra adre\u00e7a de facturaci\u00f3 i editar la vostra contrasenya i els detalls del vostre compte.<\/p>","protected":false},"author":1,"featured_media":0,"parent":0,"menu_order":0,"comment_status":"closed","ping_status":"closed","template":"elementor_header_footer","meta":{"footnotes":""},"class_list":["post-27929","page","type-page","status-publish","hentry"],"_links":{"self":[{"href":"https:\/\/www.apiacademy.es\/es\/wp-json\/wp\/v2\/pages\/27929"}],"collection":[{"href":"https:\/\/www.apiacademy.es\/es\/wp-json\/wp\/v2\/pages"}],"about":[{"href":"https:\/\/www.apiacademy.es\/es\/wp-json\/wp\/v2\/types\/page"}],"author":[{"embeddable":true,"href":"https:\/\/www.apiacademy.es\/es\/wp-json\/wp\/v2\/users\/1"}],"replies":[{"embeddable":true,"href":"https:\/\/www.apiacademy.es\/es\/wp-json\/wp\/v2\/comments?post=27929"}],"version-history":[{"count":22,"href":"https:\/\/www.apiacademy.es\/es\/wp-json\/wp\/v2\/pages\/27929\/revisions"}],"predecessor-version":[{"id":63546,"href":"https:\/\/www.apiacademy.es\/es\/wp-json\/wp\/v2\/pages\/27929\/revisions\/63546"}],"wp:attachment":[{"href":"https:\/\/www.apiacademy.es\/es\/wp-json\/wp\/v2\/media?parent=27929"}],"curies":[{"name":"wp","href":"https:\/\/api.w.org\/{rel}","templated":true}]}}