{"id":27923,"date":"2024-09-26T11:26:38","date_gmt":"2024-09-26T09:26:38","guid":{"rendered":"https:\/\/www.apiacademy.es\/?page_id=27923"},"modified":"2025-01-03T13:46:47","modified_gmt":"2025-01-03T12:46:47","slug":"avis-legal","status":"publish","type":"page","link":"https:\/\/www.apiacademy.es\/es\/avis-legal\/","title":{"rendered":"Aviso Legal"},"content":{"rendered":"<div data-elementor-type=\"wp-page\" data-elementor-id=\"27923\" class=\"elementor elementor-27923\" data-elementor-post-type=\"page\">\n\t\t\t\t\t\t<section class=\"elementor-section elementor-top-section elementor-element elementor-element-e9b5f7b elementor-section-boxed elementor-section-height-default elementor-section-height-default\" data-id=\"e9b5f7b\" data-element_type=\"section\">\n\t\t\t\t\t\t<div class=\"elementor-container elementor-column-gap-default\">\n\t\t\t\t\t<div class=\"elementor-column elementor-col-100 elementor-top-column elementor-element elementor-element-eaad998\" data-id=\"eaad998\" data-element_type=\"column\">\n\t\t\t<div class=\"elementor-widget-wrap elementor-element-populated\">\n\t\t\t\t\t\t<div class=\"elementor-element elementor-element-f446acf bottom-border-only elementor-widget__width-initial elementor-widget elementor-widget-heading\" data-id=\"f446acf\" data-element_type=\"widget\" data-widget_type=\"heading.default\">\n\t\t\t\t<div class=\"elementor-widget-container\">\n\t\t\t<h4 class=\"elementor-heading-title elementor-size-default\">Av\u00eds legal<\/h4>\t\t<\/div>\n\t\t\t\t<\/div>\n\t\t\t\t\t<\/div>\n\t\t<\/div>\n\t\t\t\t\t<\/div>\n\t\t<\/section>\n\t\t\t\t<section class=\"elementor-section elementor-top-section elementor-element elementor-element-4c30ed5 elementor-section-boxed elementor-section-height-default elementor-section-height-default\" data-id=\"4c30ed5\" data-element_type=\"section\">\n\t\t\t\t\t\t<div class=\"elementor-container elementor-column-gap-default\">\n\t\t\t\t\t<div class=\"elementor-column elementor-col-100 elementor-top-column elementor-element elementor-element-8389029\" data-id=\"8389029\" data-element_type=\"column\">\n\t\t\t<div class=\"elementor-widget-wrap elementor-element-populated\">\n\t\t\t\t\t\t<div class=\"elementor-element elementor-element-a888b38 elementor-widget elementor-widget-text-editor\" data-id=\"a888b38\" data-element_type=\"widget\" data-widget_type=\"text-editor.default\">\n\t\t\t\t<div class=\"elementor-widget-container\">\n\t\t\t\t\t\t\t<p><strong>INFORMACI\u00d3 DEL TITULAR<\/strong><\/p><p>TECNO API 5.0 SLU \u00e9s el titular del domini http:\/\/apiacademy.es amb CIF: B66765298, amb domicili a Gran Via de les Corts catalans, 622, pral., 08007 Barcelona El correu electr\u00f2nic de contacte: info@apiplataforma.com<\/p><p>Recomanem llegir atentament el present av\u00eds legal i altres pol\u00edtiques de la nostra web (Pol\u00edtica de Privadesa, Pol\u00edtica de Cookies, Condicions de venda) abans d\u2019utilitzar la nostra plataforma i serveis.<\/p><p>Qualsevol \u00fas d\u2019aquest web implica l\u2019acceptaci\u00f3 de totes les condicions incloses en aquests i altres documents legals i la seva submissi\u00f3 a la legislaci\u00f3 espanyola en tot moment, renunciant expressament a qualsevol altre us.<\/p><p><strong>GARANTIES I RESPONSABILITATS<\/strong><\/p><p>TECNO API 5.0 SLU a trav\u00e9s de la seva p\u00e0gina web ofereix informaci\u00f3 sobre els seus productes de manera gen\u00e8rica. L\u2019usuari que accedeix a la web reconeix i accepta volunt\u00e0riament i expressament la responsabilitat de l\u2019\u00fas d\u2019aquesta p\u00e0gina web i es compromet a no realitzar cap acte que pugui infringir la llei o les condicions establertes en aquests termes legals, i en aquest cas podr\u00e0 comportar les corresponents responsabilitats legalment establertes.<\/p><p>TECNO API 5.0 SLU es reserva el dret a efectuar, en qualsevol moment i sense necessitat de previ av\u00eds, modificacions i actualitzacions de la informaci\u00f3 continguda a la web, de la seva configuraci\u00f3 i presentaci\u00f3 i de les condicions generals, aix\u00ed com eliminar informaci\u00f3 o suspendre temporalment l\u2019accessibilitat al web.<\/p><p>TECNO API 5.0 SLU no pot garantir:<\/p><ol><li>La inexist\u00e8ncia d\u2019interrupcions o errors en l\u2019acc\u00e9s a la web o al contingut, ni es fa responsable de possibles problemes t\u00e8cnics que es produeixin durant la connexi\u00f3 a Internet.<\/li><li>I no es fa responsable dels danys que es puguin derivar d\u2019interfer\u00e8ncies, omissions o virus inform\u00e0tics motivats per causes alienes al titular del web, aix\u00ed com de danys causats per terceres persones mitjan\u00e7ant intromissions il\u00b7leg\u00edtimes o danys al sistema inform\u00e0tic fora del control del titular de la web.<ol><li>L\u2019aplicaci\u00f3 de la vostra Pol\u00edtica de Privadesa a accessos mitjan\u00e7ant enlla\u00e7os de tercers a aquesta web, ni a trav\u00e9s d\u2019enlla\u00e7os d\u2019aquesta web a altres webs.<\/li><li>Tot enlla\u00e7 de tercers a aquesta web haur\u00e0 de fer-se a la seva p\u00e0gina principal o, d\u2019entrada, pr\u00e8via autoritzaci\u00f3 i per escrit del titular i no es podr\u00e0 realitzar cap modificaci\u00f3, limitaci\u00f3 ni cap mena de manifestaci\u00f3 sobre la web, havent de complir, aix\u00ed mateix, el resta de previsions d\u2019aquesta normativa.<\/li><li>En cas que hi hagi enlla\u00e7os no supervisats per TECNO API 5.0 SLU no s\u2019assumiran responsabilitats sobre els enlla\u00e7os o continguts o conseq\u00fc\u00e8ncies de l\u2019\u00fas d\u2019aquests enlla\u00e7os.\u00a0<\/li><\/ol><\/li><\/ol><p><strong><br \/>PROPIETAT INTEL\u00b7LECTUAL<\/strong><\/p><p>Aquest web es regeix per les lleis espanyoles i per la legislaci\u00f3 nacional i internacional sobre propietat intel\u00b7lectual i industrial.<\/p><p>Tots els continguts inclosos a la web (textos, continguts audiovisuals, codi font, disseny gr\u00e0fic, signes, logos, marques, bases de dades, programes inform\u00e0tics, edici\u00f3, programaci\u00f3, compilaci\u00f3 i altres elements i continguts necessaris per al seu funcionament) s\u00f3n propietat del titular d\u2019aquesta.<\/p><p>Qualsevol \u00fas no autoritzat d\u2019aquests continguts ser\u00e0 considerat un incompliment dels drets de propietat intel\u00b7lectual o industrial i podr\u00e0 donar lloc a conseq\u00fc\u00e8ncies legals.<\/p><p>Els continguts que pogu\u00e9s contenir el web que no fossin de la seva titularitat gaudeixen de l\u2019autoritzaci\u00f3 dels seus titulars per a \u00fas i comunicaci\u00f3 i estan protegits pels corresponents drets de propietat intel\u00b7lectual.<\/p><p>La simple navegaci\u00f3 o \u00fas del web no atorga en cap cas llic\u00e8ncia o cessi\u00f3 total o parcial de drets sobre els drets de propietat intel\u00b7lectual i queda expressament prohibida qualsevol transmissi\u00f3, reproducci\u00f3, distribuci\u00f3, comunicaci\u00f3 p\u00fablica o transformaci\u00f3 total o parcial dels mateixos sense previ consentiment dels seus titulars.<\/p><p><strong>PRIVACITAT<\/strong><\/p><p>TECNO API 5.0 SLU garanteix la confidencialitat de les dades personals que faciliteu a la nostra plataforma i l\u2019aplicaci\u00f3 de les mesures de seguretat establertes per la normativa. Si voleu con\u00e8ixer la nostra Pol\u00edtica de Privadesa cliqueu aqu\u00ed.<\/p>\t\t\t\t\t\t<\/div>\n\t\t\t\t<\/div>\n\t\t\t\t\t<\/div>\n\t\t<\/div>\n\t\t\t\t\t<\/div>\n\t\t<\/section>\n\t\t\t\t<\/div>","protected":false},"excerpt":{"rendered":"<p>Av\u00eds legal INFORMACI\u00d3 DEL TITULAR TECNO API 5.0 SLU \u00e9s el titular del domini http:\/\/apiacademy.es amb CIF: B66765298, amb domicili a Gran Via de les Corts catalans, 622, pral., 08007 Barcelona El correu electr\u00f2nic de contacte: info@apiplataforma.com Recomanem llegir atentament el present av\u00eds legal i altres pol\u00edtiques de la nostra web (Pol\u00edtica de Privadesa, Pol\u00edtica [&hellip;]<\/p>","protected":false},"author":1,"featured_media":0,"parent":0,"menu_order":0,"comment_status":"closed","ping_status":"closed","template":"elementor_header_footer","meta":{"footnotes":""},"class_list":["post-27923","page","type-page","status-publish","hentry"],"_links":{"self":[{"href":"https:\/\/www.apiacademy.es\/es\/wp-json\/wp\/v2\/pages\/27923"}],"collection":[{"href":"https:\/\/www.apiacademy.es\/es\/wp-json\/wp\/v2\/pages"}],"about":[{"href":"https:\/\/www.apiacademy.es\/es\/wp-json\/wp\/v2\/types\/page"}],"author":[{"embeddable":true,"href":"https:\/\/www.apiacademy.es\/es\/wp-json\/wp\/v2\/users\/1"}],"replies":[{"embeddable":true,"href":"https:\/\/www.apiacademy.es\/es\/wp-json\/wp\/v2\/comments?post=27923"}],"version-history":[{"count":22,"href":"https:\/\/www.apiacademy.es\/es\/wp-json\/wp\/v2\/pages\/27923\/revisions"}],"predecessor-version":[{"id":63167,"href":"https:\/\/www.apiacademy.es\/es\/wp-json\/wp\/v2\/pages\/27923\/revisions\/63167"}],"wp:attachment":[{"href":"https:\/\/www.apiacademy.es\/es\/wp-json\/wp\/v2\/media?parent=27923"}],"curies":[{"name":"wp","href":"https:\/\/api.w.org\/{rel}","templated":true}]}}