{"id":27920,"date":"2024-09-26T11:25:22","date_gmt":"2024-09-26T09:25:22","guid":{"rendered":"https:\/\/www.apiacademy.es\/?page_id=27920"},"modified":"2025-05-07T13:08:08","modified_gmt":"2025-05-07T11:08:08","slug":"contacte","status":"publish","type":"page","link":"https:\/\/www.apiacademy.es\/es\/contacte\/","title":{"rendered":"Contacto"},"content":{"rendered":"<div data-elementor-type=\"wp-page\" data-elementor-id=\"27920\" class=\"elementor elementor-27920\" data-elementor-post-type=\"page\">\n\t\t\t\t\t\t<section class=\"elementor-section elementor-top-section elementor-element elementor-element-b303c86 elementor-section-content-middle elementor-section-full_width elementor-section-height-default elementor-section-height-default\" data-id=\"b303c86\" data-element_type=\"section\" data-settings=\"{&quot;background_background&quot;:&quot;classic&quot;}\">\n\t\t\t\t\t\t<div class=\"elementor-container elementor-column-gap-no\">\n\t\t\t\t\t<div class=\"elementor-column elementor-col-50 elementor-top-column elementor-element elementor-element-c7a8156\" data-id=\"c7a8156\" data-element_type=\"column\" data-settings=\"{&quot;background_background&quot;:&quot;classic&quot;}\">\n\t\t\t<div class=\"elementor-widget-wrap elementor-element-populated\">\n\t\t\t\t\t\t<div class=\"elementor-element elementor-element-532cf97 elementor-widget elementor-widget-image\" data-id=\"532cf97\" data-element_type=\"widget\" data-widget_type=\"image.default\">\n\t\t\t\t<div class=\"elementor-widget-container\">\n\t\t\t\t\t\t\t\t\t\t\t\t\t<img fetchpriority=\"high\" decoding=\"async\" width=\"650\" height=\"610\" src=\"https:\/\/www.apiacademy.es\/wp-content\/uploads\/2024\/10\/widget_abstract_2.png\" class=\"attachment-full size-full wp-image-28228\" alt=\"\" srcset=\"https:\/\/www.apiacademy.es\/wp-content\/uploads\/2024\/10\/widget_abstract_2.png 650w, https:\/\/www.apiacademy.es\/wp-content\/uploads\/2024\/10\/widget_abstract_2-300x282.png 300w, https:\/\/www.apiacademy.es\/wp-content\/uploads\/2024\/10\/widget_abstract_2-600x563.png 600w, https:\/\/www.apiacademy.es\/wp-content\/uploads\/2024\/10\/widget_abstract_2-13x12.png 13w, https:\/\/www.apiacademy.es\/wp-content\/uploads\/2024\/10\/widget_abstract_2-500x469.png 500w\" sizes=\"(max-width: 650px) 100vw, 650px\" \/>\t\t\t\t\t\t\t\t\t\t\t\t\t<\/div>\n\t\t\t\t<\/div>\n\t\t\t\t\t<\/div>\n\t\t<\/div>\n\t\t\t\t<div class=\"elementor-column elementor-col-50 elementor-top-column elementor-element elementor-element-ae5b9cb\" data-id=\"ae5b9cb\" data-element_type=\"column\">\n\t\t\t<div class=\"elementor-widget-wrap elementor-element-populated\">\n\t\t\t\t\t\t<div class=\"elementor-element elementor-element-3a33a12 elementor-widget-divider--view-line elementor-widget elementor-widget-divider\" data-id=\"3a33a12\" data-element_type=\"widget\" data-widget_type=\"divider.default\">\n\t\t\t\t<div class=\"elementor-widget-container\">\n\t\t\t\t\t<div class=\"elementor-divider\">\n\t\t\t<span class=\"elementor-divider-separator\">\n\t\t\t\t\t\t<\/span>\n\t\t<\/div>\n\t\t\t\t<\/div>\n\t\t\t\t<\/div>\n\t\t\t\t<div class=\"elementor-element elementor-element-2828cd9 elementor-widget__width-initial elementor-widget elementor-widget-heading\" data-id=\"2828cd9\" data-element_type=\"widget\" data-widget_type=\"heading.default\">\n\t\t\t\t<div class=\"elementor-widget-container\">\n\t\t\t<h4 class=\"elementor-heading-title elementor-size-default\">\u00bfTienes alguna duda o consulta?<\/h4>\t\t<\/div>\n\t\t\t\t<\/div>\n\t\t\t\t<div class=\"elementor-element elementor-element-0a7c810 elementor-widget__width-initial elementor-widget elementor-widget-text-editor\" data-id=\"0a7c810\" data-element_type=\"widget\" data-widget_type=\"text-editor.default\">\n\t\t\t\t<div class=\"elementor-widget-container\">\n\t\t\t\t\t\t\t<p class=\"translation-block\">Utiliza este formulario para ponerte en contacto con el equipo de <strong> API Academy<\/strong>. Estamos aqu\u00ed para ofrecerte toda la informaci\u00f3n que necesites sobre nuestros cursos, m\u00e9todos de inscripci\u00f3n y tipo de formaci\u00f3n.<\/p><p>Si eres un profesional del sector inmobiliario interesado en colaborar con nosotros, tambi\u00e9n puedes utilizar este espacio para enviar tu propuesta o solicitud.<\/p>\t\t\t\t\t\t<\/div>\n\t\t\t\t<\/div>\n\t\t\t\t<div class=\"elementor-element elementor-element-34076b0 elementor-widget-divider--view-line elementor-widget elementor-widget-divider\" data-id=\"34076b0\" data-element_type=\"widget\" data-widget_type=\"divider.default\">\n\t\t\t\t<div class=\"elementor-widget-container\">\n\t\t\t\t\t<div class=\"elementor-divider\">\n\t\t\t<span class=\"elementor-divider-separator\">\n\t\t\t\t\t\t<\/span>\n\t\t<\/div>\n\t\t\t\t<\/div>\n\t\t\t\t<\/div>\n\t\t\t\t\t<\/div>\n\t\t<\/div>\n\t\t\t\t\t<\/div>\n\t\t<\/section>\n\t\t\t\t<section class=\"elementor-section elementor-top-section elementor-element elementor-element-34a19e70 elementor-section-boxed elementor-section-height-default elementor-section-height-default\" data-id=\"34a19e70\" data-element_type=\"section\" data-settings=\"{&quot;background_background&quot;:&quot;classic&quot;}\">\n\t\t\t\t\t\t<div class=\"elementor-container elementor-column-gap-default\">\n\t\t\t\t\t<div class=\"elementor-column elementor-col-50 elementor-top-column elementor-element elementor-element-752f8c4f\" data-id=\"752f8c4f\" data-element_type=\"column\" data-settings=\"{&quot;background_background&quot;:&quot;classic&quot;}\">\n\t\t\t<div class=\"elementor-widget-wrap elementor-element-populated\">\n\t\t\t\t\t\t<div class=\"elementor-element elementor-element-780c5558 bottom-border-only elementor-widget elementor-widget-xpro-heading\" data-id=\"780c5558\" data-element_type=\"widget\" data-widget_type=\"xpro-heading.default\">\n\t\t\t\t<div class=\"elementor-widget-container\">\n\t\t\t<div class=\"xpro-heading-wrapper xpro-simple-heading-wrapper\">\r\n\t<h2 class=\"xpro-heading-title\">Donde estamos <\/h2><\/div>\r\n\t\t<\/div>\n\t\t\t\t<\/div>\n\t\t\t\t<div class=\"elementor-element elementor-element-7546c67c elementor-widget elementor-widget-xpro-heading\" data-id=\"7546c67c\" data-element_type=\"widget\" data-widget_type=\"xpro-heading.default\">\n\t\t\t\t<div class=\"elementor-widget-container\">\n\t\t\t<div class=\"xpro-heading-wrapper xpro-simple-heading-wrapper\">\r\n\t<h2 class=\"xpro-heading-title\">Email <span class=\"xpro-title-focus\">info@apiacademy.es<\/span> <\/h2><\/div>\r\n\t\t<\/div>\n\t\t\t\t<\/div>\n\t\t\t\t<div class=\"elementor-element elementor-element-5b097bdd elementor-widget elementor-widget-xpro-heading\" data-id=\"5b097bdd\" data-element_type=\"widget\" data-widget_type=\"xpro-heading.default\">\n\t\t\t\t<div class=\"elementor-widget-container\">\n\t\t\t<div class=\"xpro-heading-wrapper xpro-simple-heading-wrapper\">\r\n\t<h2 class=\"xpro-heading-title\">Tel\u00e9fono <span class=\"xpro-title-focus\">933 175 462<\/span> <\/h2><\/div>\r\n\t\t<\/div>\n\t\t\t\t<\/div>\n\t\t\t\t<div class=\"elementor-element elementor-element-19416031 elementor-widget elementor-widget-xpro-heading\" data-id=\"19416031\" data-element_type=\"widget\" data-widget_type=\"xpro-heading.default\">\n\t\t\t\t<div class=\"elementor-widget-container\">\n\t\t\t<div class=\"xpro-heading-wrapper xpro-simple-heading-wrapper\">\r\n\t<h2 class=\"xpro-heading-title\">Direcci\u00f3n: <\/h2><\/div>\r\n\t\t<\/div>\n\t\t\t\t<\/div>\n\t\t\t\t<div class=\"elementor-element elementor-element-7be1533a elementor-widget elementor-widget-text-editor\" data-id=\"7be1533a\" data-element_type=\"widget\" data-widget_type=\"text-editor.default\">\n\t\t\t\t<div class=\"elementor-widget-container\">\n\t\t\t\t\t\t\t<p>Gran Via Corts Catalanes, 622 Entl. Barcelona.<\/p>\t\t\t\t\t\t<\/div>\n\t\t\t\t<\/div>\n\t\t\t\t<div class=\"elementor-element elementor-element-2686001a elementor-widget elementor-widget-xpro-social-icon\" data-id=\"2686001a\" data-element_type=\"widget\" data-widget_type=\"xpro-social-icon.default\">\n\t\t\t\t<div class=\"elementor-widget-container\">\n\t\t\t\n<!-- Social Icon -->\n<ul class=\"xpro-social-icon-wrapper\">\n\t\t\t<li class=\"elementor-repeater-item-8f3b4e7\">\n\t\t\t<a class=\"xpro-social-icon xpro-elementor-button-animation-none elementor-social-icon-facebook-f\" href=\"https:\/\/www.facebook.com\/APICatalunya\"  target=\"&quot;_blank&quot;\">\t\t\t<i aria-hidden=\"true\" class=\"fab fa-facebook-f\"><\/i>\t\t\t\t\t\t<\/a>\t\t<\/li>\n\t\t\t<li class=\"elementor-repeater-item-438a033\">\n\t\t\t<a class=\"xpro-social-icon xpro-elementor-button-animation-none elementor-social-icon-linkedin-in\" href=\"https:\/\/www.linkedin.com\/company\/apicatalunya\"  target=\"&quot;_blank&quot;\">\t\t\t<i aria-hidden=\"true\" class=\"fab fa-linkedin-in\"><\/i>\t\t\t\t\t\t<\/a>\t\t<\/li>\n\t<\/ul>\n\t\t<\/div>\n\t\t\t\t<\/div>\n\t\t\t\t\t<\/div>\n\t\t<\/div>\n\t\t\t\t<div class=\"elementor-column elementor-col-50 elementor-top-column elementor-element elementor-element-2db2d46f\" data-id=\"2db2d46f\" data-element_type=\"column\" data-settings=\"{&quot;background_background&quot;:&quot;classic&quot;}\">\n\t\t\t<div class=\"elementor-widget-wrap elementor-element-populated\">\n\t\t\t\t\t<div class=\"elementor-background-overlay\"><\/div>\n\t\t\t\t\t\t<div class=\"elementor-element elementor-element-e443ffe bottom-border-only elementor-widget elementor-widget-xpro-heading\" data-id=\"e443ffe\" data-element_type=\"widget\" data-widget_type=\"xpro-heading.default\">\n\t\t\t\t<div class=\"elementor-widget-container\">\n\t\t\t<div class=\"xpro-heading-wrapper xpro-simple-heading-wrapper\">\r\n\t<h2 class=\"xpro-heading-title\">Formulario de contacto <\/h2><\/div>\r\n\t\t<\/div>\n\t\t\t\t<\/div>\n\t\t\t\t<div class=\"elementor-element elementor-element-73283392 elementor-widget elementor-widget-xpro-contact-form\" data-id=\"73283392\" data-element_type=\"widget\" data-settings=\"{&quot;form_name&quot;:&quot;Formulario de contacto&quot;,&quot;form_subject&quot;:&quot;Contacto desde API Academy&quot;,&quot;success_message&quot;:&quot;Formulari enviat correctament!&quot;,&quot;error_message&quot;:&quot;No s&#039;ha pogut enviar el formulari&quot;,&quot;required_field_message&quot;:&quot;Si us plau, heu d&#039;emplenar tots els camps&quot;,&quot;captcha_message&quot;:&quot;reCaptcha not valid!&quot;,&quot;recaptcha&quot;:&quot;true&quot;}\" data-widget_type=\"xpro-contact-form.default\">\n\t\t\t\t<div class=\"elementor-widget-container\">\n\t\t\t<div class=\"xpro-contact-form-message\"><\/div>\r\n<form id=\"xpro-contact-form-73283392\" class=\"xpro-contact-form\" action=\"https:\/\/www.apiacademy.es\/wp-admin\/admin-ajax.php?action=xpro_elementor_contact_form&#038;nonce=54de550cde\">\r\n\t\t\t<div class=\"xpro-contact-form-item xpro-contact-form-item-type-text elementor-repeater-item-ce24d0f\">\r\n\t\t\t\t\t\t\t<label for=\"form-field-ce24d0f\" class=\"xpro-contact-form-item-label\">Nombre<\/label>\r\n\t\t\t\t\t\t<input id=\"form-field-ce24d0f\" name=\"form-field-ce24d0f\" class=\"xpro-contact-form-field-textual\" type=\"text\" placeholder=\"Nombre\" value=\"\">\t\t<\/div>\r\n\t\t\t<div class=\"xpro-contact-form-item xpro-contact-form-item-type-email xpro-contact-form-require elementor-repeater-item-436fffd\">\r\n\t\t\t\t\t\t\t<label for=\"form-field-436fffd\" class=\"xpro-contact-form-item-label\">Email<\/label>\r\n\t\t\t\t\t\t<input id=\"form-field-436fffd\" name=\"form-field-436fffd\" class=\"xpro-contact-form-field-textual\" type=\"email\" placeholder=\"Email\" value=\"\" required=\"required\" aria-required=\"true\">\t\t<\/div>\r\n\t\t\t<div class=\"xpro-contact-form-item xpro-contact-form-item-type-textarea elementor-repeater-item-d71af6b\">\r\n\t\t\t\t\t\t\t<label for=\"form-field-d71af6b\" class=\"xpro-contact-form-item-label\">Mensaje<\/label>\r\n\t\t\t\t\t\t<textarea class=\"xpro-contact-form-field-textual\" name=\"form-field-d71af6b\" id=\"form-field-d71af6b\" rows=\"8\" placeholder=\"Mensaje\"><\/textarea>\t\t<\/div>\r\n\t\t\t\t<div class=\"xpro-contact-form-item xpro-contact-form-item-type-captcha\">\r\n\t\t\t\t\t\t\t<div class=\"g-recaptcha\" data-sitekey=\"6LehebkqAAAAAJgQVMey9YWr2STOuk6HoGEQyQMf\"><\/div>\r\n\t\t\t\t\t\t<\/div>\r\n\t\t<div class=\"xpro-contact-form-item xpro-contact-form-item-type-submit\">\r\n\t\t<button type=\"submit\" class=\"xpro-contact-form-submit-button\">\r\n\t\t\tEnviar\t\t\t<i aria-hidden=\"true\" class=\"fas fa-circle-notch\"><\/i>\r\n\t\t<\/button>\r\n\t<\/div>\r\n<\/form>\r\n\t\t<\/div>\n\t\t\t\t<\/div>\n\t\t\t\t\t<\/div>\n\t\t<\/div>\n\t\t\t\t\t<\/div>\n\t\t<\/section>\n\t\t\t\t<section class=\"elementor-section elementor-top-section elementor-element elementor-element-4a645198 elementor-section-boxed elementor-section-height-default elementor-section-height-default\" data-id=\"4a645198\" data-element_type=\"section\" data-settings=\"{&quot;background_background&quot;:&quot;classic&quot;}\">\n\t\t\t\t\t\t<div class=\"elementor-container elementor-column-gap-default\">\n\t\t\t\t\t<div class=\"elementor-column elementor-col-100 elementor-top-column elementor-element elementor-element-75c56125\" data-id=\"75c56125\" data-element_type=\"column\" data-settings=\"{&quot;background_background&quot;:&quot;classic&quot;}\">\n\t\t\t<div class=\"elementor-widget-wrap elementor-element-populated\">\n\t\t\t\t\t\t<div class=\"elementor-element elementor-element-3730b01b elementor-widget elementor-widget-google_maps\" data-id=\"3730b01b\" data-element_type=\"widget\" data-widget_type=\"google_maps.default\">\n\t\t\t\t<div class=\"elementor-widget-container\">\n\t\t\t\t\t<div class=\"elementor-custom-embed\">\n\t\t\t<iframe loading=\"lazy\"\n\t\t\t\t\tsrc=\"https:\/\/maps.google.com\/maps?q=Gran%20Via%20Corts%20Catalanes%2C%20622%2C%2008007%20Barcelona&#038;t=m&#038;z=18&#038;output=embed&#038;iwloc=near\"\n\t\t\t\t\ttitle=\"Gran Via Corts Catalanes, 622, 08007 Barcelona\"\n\t\t\t\t\taria-label=\"Gran Via Corts Catalanes, 622, 08007 Barcelona\"\n\t\t\t><\/iframe>\n\t\t<\/div>\n\t\t\t\t<\/div>\n\t\t\t\t<\/div>\n\t\t\t\t\t<\/div>\n\t\t<\/div>\n\t\t\t\t\t<\/div>\n\t\t<\/section>\n\t\t\t\t<\/div>","protected":false},"excerpt":{"rendered":"<p>Tens algun dubte o consulta? Utilitza aquest formulari per posar-te en contacte amb l\u2019equip d\u2019API Academy. Som aqu\u00ed per oferir-te tota la informaci\u00f3 que necessitis sobre els nostres cursos, m\u00e8todes d\u2019inscripci\u00f3 i tipus de formaci\u00f3. Si ets un professional del sector immobiliari interessat a col\u00b7laborar amb nosaltres, tamb\u00e9 pots utilitzar aquest espai per enviar-nos la [&hellip;]<\/p>","protected":false},"author":1,"featured_media":0,"parent":0,"menu_order":0,"comment_status":"closed","ping_status":"closed","template":"elementor_header_footer","meta":{"footnotes":""},"class_list":["post-27920","page","type-page","status-publish","hentry"],"_links":{"self":[{"href":"https:\/\/www.apiacademy.es\/es\/wp-json\/wp\/v2\/pages\/27920"}],"collection":[{"href":"https:\/\/www.apiacademy.es\/es\/wp-json\/wp\/v2\/pages"}],"about":[{"href":"https:\/\/www.apiacademy.es\/es\/wp-json\/wp\/v2\/types\/page"}],"author":[{"embeddable":true,"href":"https:\/\/www.apiacademy.es\/es\/wp-json\/wp\/v2\/users\/1"}],"replies":[{"embeddable":true,"href":"https:\/\/www.apiacademy.es\/es\/wp-json\/wp\/v2\/comments?post=27920"}],"version-history":[{"count":100,"href":"https:\/\/www.apiacademy.es\/es\/wp-json\/wp\/v2\/pages\/27920\/revisions"}],"predecessor-version":[{"id":68840,"href":"https:\/\/www.apiacademy.es\/es\/wp-json\/wp\/v2\/pages\/27920\/revisions\/68840"}],"wp:attachment":[{"href":"https:\/\/www.apiacademy.es\/es\/wp-json\/wp\/v2\/media?parent=27920"}],"curies":[{"name":"wp","href":"https:\/\/api.w.org\/{rel}","templated":true}]}}