{"id":27916,"date":"2024-09-26T11:24:13","date_gmt":"2024-09-26T09:24:13","guid":{"rendered":"https:\/\/www.apiacademy.es\/?page_id=27916"},"modified":"2026-03-03T09:04:56","modified_gmt":"2026-03-03T08:04:56","slug":"convocatories-obertes","status":"publish","type":"page","link":"https:\/\/www.apiacademy.es\/es\/convocatories-obertes\/","title":{"rendered":"Convocatorias abiertas"},"content":{"rendered":"<div data-elementor-type=\"wp-page\" data-elementor-id=\"27916\" class=\"elementor elementor-27916\" data-elementor-post-type=\"page\">\n\t\t\t\t\t\t<section class=\"elementor-section elementor-top-section elementor-element elementor-element-31028a0 elementor-section-boxed elementor-section-height-default elementor-section-height-default\" data-id=\"31028a0\" data-element_type=\"section\">\n\t\t\t\t\t\t<div class=\"elementor-container elementor-column-gap-default\">\n\t\t\t\t\t<div class=\"elementor-column elementor-col-100 elementor-top-column elementor-element elementor-element-d770ce2\" data-id=\"d770ce2\" data-element_type=\"column\">\n\t\t\t<div class=\"elementor-widget-wrap\">\n\t\t\t\t\t\t\t<\/div>\n\t\t<\/div>\n\t\t\t\t\t<\/div>\n\t\t<\/section>\n\t\t\t\t<section class=\"elementor-section elementor-top-section elementor-element elementor-element-6e51e45 elementor-section-content-middle overflow_visble_bgrd elementor-section-boxed elementor-section-height-default elementor-section-height-default\" data-id=\"6e51e45\" data-element_type=\"section\" data-settings=\"{&quot;background_background&quot;:&quot;classic&quot;}\">\n\t\t\t\t\t\t\t<div class=\"elementor-background-overlay\"><\/div>\n\t\t\t\t\t\t\t<div class=\"elementor-container elementor-column-gap-no\">\n\t\t\t\t\t<div class=\"elementor-column elementor-col-100 elementor-top-column elementor-element elementor-element-c0ce58d\" data-id=\"c0ce58d\" data-element_type=\"column\">\n\t\t\t<div class=\"elementor-widget-wrap elementor-element-populated\">\n\t\t\t\t\t\t<div class=\"elementor-element elementor-element-f26d7c0 bottom-border-only elementor-widget__width-initial elementor-widget elementor-widget-heading\" data-id=\"f26d7c0\" data-element_type=\"widget\" data-widget_type=\"heading.default\">\n\t\t\t\t<div class=\"elementor-widget-container\">\n\t\t\t<h4 class=\"elementor-heading-title elementor-size-default\">Calendario de cursos<\/h4>\t\t<\/div>\n\t\t\t\t<\/div>\n\t\t\t\t\t<\/div>\n\t\t<\/div>\n\t\t\t\t\t<\/div>\n\t\t<\/section>\n\t\t\t\t<section class=\"elementor-section elementor-top-section elementor-element elementor-element-f51948e elementor-section-boxed elementor-section-height-default elementor-section-height-default\" data-id=\"f51948e\" data-element_type=\"section\">\n\t\t\t\t\t\t<div class=\"elementor-container elementor-column-gap-default\">\n\t\t\t\t\t<div class=\"elementor-column elementor-col-100 elementor-top-column elementor-element elementor-element-684f540\" data-id=\"684f540\" data-element_type=\"column\">\n\t\t\t<div class=\"elementor-widget-wrap elementor-element-populated\">\n\t\t\t\t\t\t<div class=\"elementor-element elementor-element-a2fc8f4 elementor-widget elementor-widget-shortcode\" data-id=\"a2fc8f4\" data-element_type=\"widget\" data-widget_type=\"shortcode.default\">\n\t\t\t\t<div class=\"elementor-widget-container\">\n\t\t\t\t\t<div class=\"elementor-shortcode\">    <div class=\"course-filter-container\" style=\"display:flex;flex-wrap:wrap;gap:15px;justify-content:space-between;align-items:center;width:100%;margin-bottom:20px !important;\">\n        <div style=\"flex:1;display:flex;align-items:center;\">\n            <label for=\"course_month_filter_cf_39152699-3a5f-4591-8666-e4b39a3b101f\" style=\"flex:1;text-align:left;padding-right:10px;font-size: 32px;font-weight: 300;color: var( --e-global-color-primary ); font-family: Roboto;\">\n                Mes            <\/label>\n\n            <select id=\"course_month_filter_cf_39152699-3a5f-4591-8666-e4b39a3b101f\" class=\"minimal-select\" style=\"flex:1;\">\n                                                        <option value=\"202604\">\n                        Abril 2026                    <\/option>\n                                                        <option value=\"202605\">\n                        Mayo 2026                    <\/option>\n                                                        <option value=\"202606\">\n                        Junio 2026                    <\/option>\n                                                        <option value=\"202607\">\n                        Julio 2026                    <\/option>\n                                                        <option value=\"202608\">\n                        Agosto 2026                    <\/option>\n                                                        <option value=\"202609\">\n                        Septiembre 2026                    <\/option>\n                                                        <option value=\"202610\">\n                        Octubre 2026                    <\/option>\n                                                        <option value=\"202611\">\n                        Noviembre 2026                    <\/option>\n                                                        <option value=\"202612\">\n                        Diciembre 2026                    <\/option>\n                                                        <option value=\"202701\">\n                        Enero 2027                    <\/option>\n                                                        <option value=\"202702\">\n                        Marzo 2027                    <\/option>\n                                                        <option value=\"202703\">\n                        Marzo 2027                    <\/option>\n                            <\/select>\n        <\/div>\n\n                    <!-- \u2705 Modo normal: dropdown de oferta-formativa -->\n            <div style=\"flex:1;display:flex;align-items:center;\">\n                <select id=\"course_filter_cf_39152699-3a5f-4591-8666-e4b39a3b101f\" class=\"minimal-select\" style=\"flex:1;\"\n                        data-mode=\"tax\">\n                    <option value=\"\">Todas las categor\u00edas<\/option>\n                                            <option value=\"juridic-i-fiscal\">Jur\u00eddico y Fiscal<\/option>\n                                            <option value=\"negoci-marqueting-i-vendes\">Negocio, Marketing y Ventas<\/option>\n                                            <option value=\"proptech\">Proptech<\/option>\n                                            <option value=\"transversal\">Transversal<\/option>\n                                    <\/select>\n            <\/div>\n            <\/div>\n\n    <div id=\"course_list_cf_39152699-3a5f-4591-8666-e4b39a3b101f\"><\/div>\n\n    <script type=\"text\/javascript\">\n    jQuery(function($) {\n\n        function load_courses_by_filters(month, mode, value) {\n            $.ajax({\n                url: \"https:\/\/www.apiacademy.es\/wp-admin\/admin-ajax.php\",\n                type: \"POST\",\n                data: {\n                    action: \"load_courses_by_filters\",\n                    month: month,\n                    mode: mode,   \/\/ 'cat' o 'tax'\n                    value: value  \/\/ slug\n                },\n                success: function(resp) {\n                    $(\"#course_list_cf_39152699-3a5f-4591-8666-e4b39a3b101f\").html(resp);\n                }\n            });\n        }\n\n        function currentModeAndValue() {\n            var $f = $(\"#course_filter_cf_39152699-3a5f-4591-8666-e4b39a3b101f\");\n            return {\n                mode: ($f.data(\"mode\") || \"tax\"),\n                value: ($f.val() || \"\")\n            };\n        }\n\n        function reload() {\n            var mv = currentModeAndValue();\n            load_courses_by_filters(\n                $(\"#course_month_filter_cf_39152699-3a5f-4591-8666-e4b39a3b101f\").val(),\n                mv.mode,\n                mv.value\n            );\n        }\n\n        reload();\n\n        $(\"#course_month_filter_cf_39152699-3a5f-4591-8666-e4b39a3b101f, #course_filter_cf_39152699-3a5f-4591-8666-e4b39a3b101f\").on(\"change\", reload);\n    });\n    <\/script>\n    <\/div>\n\t\t\t\t<\/div>\n\t\t\t\t<\/div>\n\t\t\t\t\t<\/div>\n\t\t<\/div>\n\t\t\t\t\t<\/div>\n\t\t<\/section>\n\t\t\t\t<section class=\"elementor-section elementor-top-section elementor-element elementor-element-329ed7b elementor-section-content-middle elementor-section-boxed elementor-section-height-default elementor-section-height-default\" data-id=\"329ed7b\" data-element_type=\"section\" data-settings=\"{&quot;background_background&quot;:&quot;classic&quot;}\">\n\t\t\t\t\t\t<div class=\"elementor-container elementor-column-gap-no\">\n\t\t\t\t\t<div class=\"elementor-column elementor-col-50 elementor-top-column elementor-element elementor-element-a953af1\" data-id=\"a953af1\" data-element_type=\"column\">\n\t\t\t<div class=\"elementor-widget-wrap elementor-element-populated\">\n\t\t\t\t\t\t<div class=\"elementor-element elementor-element-e98ebd9 bottom-border-only elementor-widget__width-initial elementor-widget elementor-widget-heading\" data-id=\"e98ebd9\" data-element_type=\"widget\" data-widget_type=\"heading.default\">\n\t\t\t\t<div class=\"elementor-widget-container\">\n\t\t\t<h4 class=\"elementor-heading-title elementor-size-default\">Te mantenemos informado<\/h4>\t\t<\/div>\n\t\t\t\t<\/div>\n\t\t\t\t<div class=\"elementor-element elementor-element-c567533 elementor-widget elementor-widget-text-editor\" data-id=\"c567533\" data-element_type=\"widget\" data-widget_type=\"text-editor.default\">\n\t\t\t\t<div class=\"elementor-widget-container\">\n\t\t\t\t\t\t\t<p>Subscr\u00edbete a nuestra newsletter y recibe en tu correo las \u00faltimas novedades, tendencias del mercado, art\u00edculos exclusivos y acceso anticipado a nuestras formaciones.<\/p><p>S\u00e9 parte de una comunidad de profesionales que transforman el sector. No te pierdas nada!<\/p><p><img decoding=\"async\" class=\"emoji\" role=\"img\" draggable=\"false\" src=\"https:\/\/s.w.org\/images\/core\/emoji\/15.0.3\/svg\/1f449.svg\" alt=\"\ud83d\udc49\" \/> Ap\u00fantate ahora.<\/p>\t\t\t\t\t\t<\/div>\n\t\t\t\t<\/div>\n\t\t\t\t\t<\/div>\n\t\t<\/div>\n\t\t\t\t<div class=\"elementor-column elementor-col-50 elementor-top-column elementor-element elementor-element-a94ab53\" data-id=\"a94ab53\" data-element_type=\"column\">\n\t\t\t<div class=\"elementor-widget-wrap elementor-element-populated\">\n\t\t\t\t\t\t<div class=\"elementor-element elementor-element-9e72799 elementor-button-align-start elementor-widget elementor-widget-form\" data-id=\"9e72799\" data-element_type=\"widget\" data-settings=\"{&quot;step_next_label&quot;:&quot;Next&quot;,&quot;step_previous_label&quot;:&quot;Previous&quot;,&quot;button_width&quot;:&quot;100&quot;,&quot;step_type&quot;:&quot;number_text&quot;,&quot;step_icon_shape&quot;:&quot;circle&quot;}\" data-widget_type=\"form.default\">\n\t\t\t\t<div class=\"elementor-widget-container\">\n\t\t\t\t\t<form class=\"elementor-form\" method=\"post\" name=\"New Form\" action=\"\">\n\t\t\t<input type=\"hidden\" name=\"post_id\" value=\"27916\"\/>\n\t\t\t<input type=\"hidden\" name=\"form_id\" value=\"9e72799\"\/>\n\t\t\t<input type=\"hidden\" name=\"referer_title\" value=\"\" \/>\n\n\t\t\t\n\t\t\t<div class=\"elementor-form-fields-wrapper elementor-labels-\">\n\t\t\t\t\t\t\t\t<div class=\"elementor-field-type-text elementor-field-group elementor-column elementor-field-group-name elementor-col-100\">\n\t\t\t\t\t\t\t\t\t\t\t\t<label for=\"form-field-name\" class=\"elementor-field-label elementor-screen-only\">\n\t\t\t\t\t\t\t\tNombre\t\t\t\t\t\t\t<\/label>\n\t\t\t\t\t\t\t\t\t\t\t\t\t\t<input size=\"1\" type=\"text\" name=\"form_fields[name]\" id=\"form-field-name\" class=\"elementor-field elementor-size-xs  elementor-field-textual\" placeholder=\"Nombre\">\n\t\t\t\t\t\t\t\t\t\t\t<\/div>\n\t\t\t\t\t\t\t\t<div class=\"elementor-field-type-email elementor-field-group elementor-column elementor-field-group-email elementor-col-100 elementor-field-required\">\n\t\t\t\t\t\t\t\t\t\t\t\t<label for=\"form-field-email\" class=\"elementor-field-label elementor-screen-only\">\n\t\t\t\t\t\t\t\tEmail\t\t\t\t\t\t\t<\/label>\n\t\t\t\t\t\t\t\t\t\t\t\t\t\t<input size=\"1\" type=\"email\" name=\"form_fields[email]\" id=\"form-field-email\" class=\"elementor-field elementor-size-xs  elementor-field-textual\" placeholder=\"Email\" required=\"required\" aria-required=\"true\">\n\t\t\t\t\t\t\t\t\t\t\t<\/div>\n\t\t\t\t\t\t\t\t<div class=\"elementor-field-type-textarea elementor-field-group elementor-column elementor-field-group-message elementor-col-100\">\n\t\t\t\t\t\t\t\t\t\t\t\t<label for=\"form-field-message\" class=\"elementor-field-label elementor-screen-only\">\n\t\t\t\t\t\t\t\tMensaje\t\t\t\t\t\t\t<\/label>\n\t\t\t\t\t\t<textarea class=\"elementor-field-textual elementor-field  elementor-size-xs\" name=\"form_fields[message]\" id=\"form-field-message\" rows=\"4\" placeholder=\"Mensaje\"><\/textarea>\t\t\t\t<\/div>\n\t\t\t\t\t\t\t\t<div class=\"elementor-field-group elementor-column elementor-field-type-submit elementor-col-100 e-form__buttons\">\n\t\t\t\t\t<button class=\"elementor-button elementor-size-sm\" type=\"submit\">\n\t\t\t\t\t\t<span class=\"elementor-button-content-wrapper\">\n\t\t\t\t\t\t\t\t\t\t\t\t\t\t\t\t\t\t\t\t\t\t<span class=\"elementor-button-text\">Enviar mensaje<\/span>\n\t\t\t\t\t\t\t\t\t\t\t\t\t<\/span>\n\t\t\t\t\t<\/button>\n\t\t\t\t<\/div>\n\t\t\t<\/div>\n\t\t<input type=\"hidden\" name=\"trp-form-language\" value=\"es\"\/><\/form>\n\t\t\t\t<\/div>\n\t\t\t\t<\/div>\n\t\t\t\t\t<\/div>\n\t\t<\/div>\n\t\t\t\t\t<\/div>\n\t\t<\/section>\n\t\t\t\t<\/div>","protected":false},"excerpt":{"rendered":"<p>Calendari de cursos Et mantenim informat Subscriu-te a la nostra newsletter i rep al teu correu les darreres novetats, tend\u00e8ncies del mercat, articles exclusius, i acc\u00e9s anticipat a les nostres formacions. Sigues part d\u2019una comunitat de professionals que transformen el sector. No et perdis res! Apunta\u2019t ara.<\/p>","protected":false},"author":1,"featured_media":0,"parent":0,"menu_order":0,"comment_status":"closed","ping_status":"closed","template":"elementor_header_footer","meta":{"footnotes":""},"class_list":["post-27916","page","type-page","status-publish","hentry"],"_links":{"self":[{"href":"https:\/\/www.apiacademy.es\/es\/wp-json\/wp\/v2\/pages\/27916"}],"collection":[{"href":"https:\/\/www.apiacademy.es\/es\/wp-json\/wp\/v2\/pages"}],"about":[{"href":"https:\/\/www.apiacademy.es\/es\/wp-json\/wp\/v2\/types\/page"}],"author":[{"embeddable":true,"href":"https:\/\/www.apiacademy.es\/es\/wp-json\/wp\/v2\/users\/1"}],"replies":[{"embeddable":true,"href":"https:\/\/www.apiacademy.es\/es\/wp-json\/wp\/v2\/comments?post=27916"}],"version-history":[{"count":322,"href":"https:\/\/www.apiacademy.es\/es\/wp-json\/wp\/v2\/pages\/27916\/revisions"}],"predecessor-version":[{"id":76951,"href":"https:\/\/www.apiacademy.es\/es\/wp-json\/wp\/v2\/pages\/27916\/revisions\/76951"}],"wp:attachment":[{"href":"https:\/\/www.apiacademy.es\/es\/wp-json\/wp\/v2\/media?parent=27916"}],"curies":[{"name":"wp","href":"https:\/\/api.w.org\/{rel}","templated":true}]}}